{"id":1234,"date":"2024-03-04T09:35:56","date_gmt":"2024-03-04T12:35:56","guid":{"rendered":"http:\/\/portalcdc.unsa.edu.ar\/?page_id=1234"},"modified":"2024-03-05T08:56:28","modified_gmt":"2024-03-05T11:56:28","slug":"siu-tehuelche","status":"publish","type":"page","link":"http:\/\/portalcdc.unsa.edu.ar\/?page_id=1234","title":{"rendered":"SIU Tehuelche"},"content":{"rendered":"<style>.kb-image1234_c03adc-82 .kb-image-has-overlay:after{opacity:0.3;}<\/style>\n<figure class=\"wp-block-kadence-image kb-image1234_c03adc-82 size-full\"><img decoding=\"async\" loading=\"lazy\" width=\"667\" height=\"150\" src=\"http:\/\/portalcdc.unsa.edu.ar\/wp-content\/uploads\/2023\/09\/logo_tehuelche_alta.png\" alt=\"\" class=\"kb-img wp-image-165\"\/><\/figure>\n\n\n\n<p>SIU-Tehuelche es el m\u00f3dulo de gesti\u00f3n de becas.<\/p>\n\n\n\n<p>Permite crear y gestionar las convocatorias de becas de la Instituci\u00f3n, al trabajar en vinculaci\u00f3n con los m\u00f3dulos de gesti\u00f3n acad\u00e9mica SIU-Guaran\u00ed y de encuestas SIU-Kolla cuenta con un gran universo de datos de los postulantes, lo que posibilita generar evaluaciones y \u00f3rdenes de m\u00e9rito en base a ellos.&nbsp;<\/p>\n\n\n\n<p>Su interfaz gr\u00e1fica intuitiva y amigable y su f\u00e1cil administraci\u00f3n facilitan su implementaci\u00f3n; adem\u00e1s permite la administraci\u00f3n de convocatorias por perfil, por lo que cada unidad acad\u00e9mica puede gestionar sus becas de manera independiente incluso en instalaciones centralizadas.<\/p>\n\n\n<style>.wp-block-kadence-advancedbtn.kb-btns1234_1ff8c3-ab{gap:var(--global-kb-gap-xs, 0.5rem );justify-content:center;align-items:center;}.kt-btns1234_1ff8c3-ab .kt-button{font-weight:normal;font-style:normal;}.kt-btns1234_1ff8c3-ab .kt-btn-wrap-0{margin-right:5px;}.wp-block-kadence-advancedbtn.kt-btns1234_1ff8c3-ab .kt-btn-wrap-0 .kt-button{color:#555555;border-color:#555555;}.wp-block-kadence-advancedbtn.kt-btns1234_1ff8c3-ab .kt-btn-wrap-0 .kt-button:hover, .wp-block-kadence-advancedbtn.kt-btns1234_1ff8c3-ab .kt-btn-wrap-0 .kt-button:focus{color:#ffffff;border-color:#444444;}.wp-block-kadence-advancedbtn.kt-btns1234_1ff8c3-ab .kt-btn-wrap-0 .kt-button::before{display:none;}.wp-block-kadence-advancedbtn.kt-btns1234_1ff8c3-ab .kt-btn-wrap-0 .kt-button:hover, .wp-block-kadence-advancedbtn.kt-btns1234_1ff8c3-ab .kt-btn-wrap-0 .kt-button:focus{background:#444444;}<\/style>\n<div class=\"wp-block-kadence-advancedbtn kb-buttons-wrap kb-btns1234_1ff8c3-ab\"><style>.wp-block-kadence-advancedbtn .kb-btn1234_2a8eab-14.kb-button{background:var(--global-palette1, #3182CE);font-size:var(--global-kb-font-size-md, 1.25rem);text-transform:none;}.wp-block-kadence-advancedbtn .kb-btn1234_2a8eab-14.kb-button:hover, .wp-block-kadence-advancedbtn .kb-btn1234_2a8eab-14.kb-button:focus{color:var(--global-palette7, #EDF2F7);background:var(--global-palette2, #2B6CB0);}@media all and (max-width: 1024px){.kb-btn1234_2a8eab-14.kb-button .kb-svg-icon-wrap{display:block;}}<\/style><a class=\"kb-button kt-button button kb-btn1234_2a8eab-14 kt-btn-size-large kt-btn-width-type-fixed kb-btn-global-fill kt-btn-has-text-true kt-btn-has-svg-false wp-block-kadence-singlebtn\" href=\"http:\/\/cdcsiu.unsa.edu.ar\/siu\/tehuelche\/\" target=\"_blank\" rel=\"noreferrer noopener\"><span class=\"kt-btn-inner-text\">SIU Tehuelche<\/span><\/a><\/div>\n","protected":false},"excerpt":{"rendered":"<p>SIU-Tehuelche es el m\u00f3dulo de gesti\u00f3n de becas. Permite crear y gestionar las convocatorias de becas de la Instituci\u00f3n, al trabajar en vinculaci\u00f3n con los m\u00f3dulos de gesti\u00f3n acad\u00e9mica SIU-Guaran\u00ed&#8230;<\/p>\n","protected":false},"author":1,"featured_media":0,"parent":84,"menu_order":0,"comment_status":"closed","ping_status":"closed","template":"","meta":{"_kadence_starter_templates_imported_post":false,"_kad_post_transparent":"","_kad_post_title":"","_kad_post_layout":"","_kad_post_sidebar_id":"","_kad_post_content_style":"","_kad_post_vertical_padding":"","_kad_post_feature":"","_kad_post_feature_position":"","_kad_post_header":false,"_kad_post_footer":false,"footnotes":""},"_links":{"self":[{"href":"http:\/\/portalcdc.unsa.edu.ar\/index.php?rest_route=\/wp\/v2\/pages\/1234"}],"collection":[{"href":"http:\/\/portalcdc.unsa.edu.ar\/index.php?rest_route=\/wp\/v2\/pages"}],"about":[{"href":"http:\/\/portalcdc.unsa.edu.ar\/index.php?rest_route=\/wp\/v2\/types\/page"}],"author":[{"embeddable":true,"href":"http:\/\/portalcdc.unsa.edu.ar\/index.php?rest_route=\/wp\/v2\/users\/1"}],"replies":[{"embeddable":true,"href":"http:\/\/portalcdc.unsa.edu.ar\/index.php?rest_route=%2Fwp%2Fv2%2Fcomments&post=1234"}],"version-history":[{"count":1,"href":"http:\/\/portalcdc.unsa.edu.ar\/index.php?rest_route=\/wp\/v2\/pages\/1234\/revisions"}],"predecessor-version":[{"id":1236,"href":"http:\/\/portalcdc.unsa.edu.ar\/index.php?rest_route=\/wp\/v2\/pages\/1234\/revisions\/1236"}],"up":[{"embeddable":true,"href":"http:\/\/portalcdc.unsa.edu.ar\/index.php?rest_route=\/wp\/v2\/pages\/84"}],"wp:attachment":[{"href":"http:\/\/portalcdc.unsa.edu.ar\/index.php?rest_route=%2Fwp%2Fv2%2Fmedia&parent=1234"}],"curies":[{"name":"wp","href":"https:\/\/api.w.org\/{rel}","templated":true}]}}