{"id":1261,"date":"2024-03-04T10:49:56","date_gmt":"2024-03-04T13:49:56","guid":{"rendered":"http:\/\/portalcdc.unsa.edu.ar\/?page_id=1261"},"modified":"2024-09-10T09:57:55","modified_gmt":"2024-09-10T12:57:55","slug":"portales","status":"publish","type":"page","link":"http:\/\/portalcdc.unsa.edu.ar\/?page_id=1261","title":{"rendered":"Portales"},"content":{"rendered":"<style>.wp-block-kadence-advancedheading.kt-adv-heading1261_ff0130-46, .wp-block-kadence-advancedheading.kt-adv-heading1261_ff0130-46[data-kb-block=\"kb-adv-heading1261_ff0130-46\"]{font-style:normal;}.wp-block-kadence-advancedheading.kt-adv-heading1261_ff0130-46 mark.kt-highlight, .wp-block-kadence-advancedheading.kt-adv-heading1261_ff0130-46[data-kb-block=\"kb-adv-heading1261_ff0130-46\"] mark.kt-highlight{font-style:normal;color:#f76a0c;padding-top:0px;padding-right:0px;padding-bottom:0px;padding-left:0px;}<\/style>\n<h1 class=\"kt-adv-heading1261_ff0130-46 wp-block-kadence-advancedheading\" data-kb-block=\"kb-adv-heading1261_ff0130-46\">Portales<\/h1>\n\n\n<style>.wp-block-kadence-advancedheading.kt-adv-heading1261_ab29e5-54, .wp-block-kadence-advancedheading.kt-adv-heading1261_ab29e5-54[data-kb-block=\"kb-adv-heading1261_ab29e5-54\"]{font-style:normal;}.wp-block-kadence-advancedheading.kt-adv-heading1261_ab29e5-54 mark.kt-highlight, .wp-block-kadence-advancedheading.kt-adv-heading1261_ab29e5-54[data-kb-block=\"kb-adv-heading1261_ab29e5-54\"] mark.kt-highlight{font-style:normal;color:#f76a0c;padding-top:0px;padding-right:0px;padding-bottom:0px;padding-left:0px;}<\/style>\n<h1 class=\"kt-adv-heading1261_ab29e5-54 wp-block-kadence-advancedheading\" data-kb-block=\"kb-adv-heading1261_ab29e5-54\">Portal de revistas de la UNSa<\/h1>\n\n\n<style>.kb-image1261_e3b5e4-ab .kb-image-has-overlay:after{opacity:0.3;}<\/style>\n<div class=\"wp-block-kadence-image kb-image1261_e3b5e4-ab\"><figure class=\"aligncenter size-full\"><img decoding=\"async\" loading=\"lazy\" width=\"458\" height=\"205\" src=\"http:\/\/portalcdc.unsa.edu.ar\/wp-content\/uploads\/2024\/03\/Portal-revista-UNSa.png\" alt=\"\" class=\"kb-img wp-image-1262\" srcset=\"http:\/\/portalcdc.unsa.edu.ar\/wp-content\/uploads\/2024\/03\/Portal-revista-UNSa.png 458w, http:\/\/portalcdc.unsa.edu.ar\/wp-content\/uploads\/2024\/03\/Portal-revista-UNSa-300x134.png 300w, http:\/\/portalcdc.unsa.edu.ar\/wp-content\/uploads\/2024\/03\/Portal-revista-UNSa-150x67.png 150w\" sizes=\"(max-width: 458px) 100vw, 458px\" \/><\/figure><\/div>\n\n\n<style>.wp-block-kadence-advancedbtn.kb-btns1261_279bfa-4e{gap:var(--global-kb-gap-xs, 0.5rem );justify-content:center;align-items:center;}.kt-btns1261_279bfa-4e .kt-button{font-weight:normal;font-style:normal;}.kt-btns1261_279bfa-4e .kt-btn-wrap-0{margin-right:5px;}.wp-block-kadence-advancedbtn.kt-btns1261_279bfa-4e .kt-btn-wrap-0 .kt-button{color:#555555;border-color:#555555;}.wp-block-kadence-advancedbtn.kt-btns1261_279bfa-4e .kt-btn-wrap-0 .kt-button:hover, .wp-block-kadence-advancedbtn.kt-btns1261_279bfa-4e .kt-btn-wrap-0 .kt-button:focus{color:#ffffff;border-color:#444444;}.wp-block-kadence-advancedbtn.kt-btns1261_279bfa-4e .kt-btn-wrap-0 .kt-button::before{display:none;}.wp-block-kadence-advancedbtn.kt-btns1261_279bfa-4e .kt-btn-wrap-0 .kt-button:hover, .wp-block-kadence-advancedbtn.kt-btns1261_279bfa-4e .kt-btn-wrap-0 .kt-button:focus{background:#444444;}<\/style>\n<div class=\"wp-block-kadence-advancedbtn kb-buttons-wrap kb-btns1261_279bfa-4e\"><style>.wp-block-kadence-advancedbtn .kb-btn1261_9ff715-c4.kb-button{font-size:var(--global-kb-font-size-md, 1.25rem);text-transform:none;}@media all and (max-width: 1024px){.kb-btn1261_9ff715-c4.kb-button .kb-svg-icon-wrap{display:block;}}<\/style><a class=\"kb-button kt-button button kb-btn1261_9ff715-c4 kt-btn-size-large kt-btn-width-type-fixed kb-btn-global-fill kt-btn-has-text-true kt-btn-has-svg-false wp-block-kadence-singlebtn\" href=\"https:\/\/portalderevistas.unsa.edu.ar\/\" target=\"_blank\" rel=\"noreferrer noopener\"><span class=\"kt-btn-inner-text\">Portal Revistas &#8211; UNSa<\/span><\/a><\/div>\n\n\n<style>.wp-block-kadence-advancedheading.kt-adv-heading1261_3f47d2-95, .wp-block-kadence-advancedheading.kt-adv-heading1261_3f47d2-95[data-kb-block=\"kb-adv-heading1261_3f47d2-95\"]{font-style:normal;}.wp-block-kadence-advancedheading.kt-adv-heading1261_3f47d2-95 mark.kt-highlight, .wp-block-kadence-advancedheading.kt-adv-heading1261_3f47d2-95[data-kb-block=\"kb-adv-heading1261_3f47d2-95\"] mark.kt-highlight{font-style:normal;color:#f76a0c;padding-top:0px;padding-right:0px;padding-bottom:0px;padding-left:0px;}<\/style>\n<h1 class=\"kt-adv-heading1261_3f47d2-95 wp-block-kadence-advancedheading\" data-kb-block=\"kb-adv-heading1261_3f47d2-95\">Cat\u00e1logo en l\u00ednea<\/h1>\n\n\n<style>.wp-block-kadence-advancedbtn.kb-btns1261_1e83b9-36{gap:var(--global-kb-gap-xs, 0.5rem );justify-content:center;align-items:center;}.kt-btns1261_1e83b9-36 .kt-button{font-weight:normal;font-style:normal;}.kt-btns1261_1e83b9-36 .kt-btn-wrap-0{margin-right:5px;}.wp-block-kadence-advancedbtn.kt-btns1261_1e83b9-36 .kt-btn-wrap-0 .kt-button{color:#555555;border-color:#555555;}.wp-block-kadence-advancedbtn.kt-btns1261_1e83b9-36 .kt-btn-wrap-0 .kt-button:hover, .wp-block-kadence-advancedbtn.kt-btns1261_1e83b9-36 .kt-btn-wrap-0 .kt-button:focus{color:#ffffff;border-color:#444444;}.wp-block-kadence-advancedbtn.kt-btns1261_1e83b9-36 .kt-btn-wrap-0 .kt-button::before{display:none;}.wp-block-kadence-advancedbtn.kt-btns1261_1e83b9-36 .kt-btn-wrap-0 .kt-button:hover, .wp-block-kadence-advancedbtn.kt-btns1261_1e83b9-36 .kt-btn-wrap-0 .kt-button:focus{background:#444444;}<\/style>\n<div class=\"wp-block-kadence-advancedbtn kb-buttons-wrap kb-btns1261_1e83b9-36\"><style>.wp-block-kadence-advancedbtn .kb-btn1261_3b2dc1-74.kb-button{font-size:var(--global-kb-font-size-md, 1.25rem);text-transform:none;}@media all and (max-width: 1024px){.kb-btn1261_3b2dc1-74.kb-button .kb-svg-icon-wrap{display:block;}}<\/style><a class=\"kb-button kt-button button kb-btn1261_3b2dc1-74 kt-btn-size-large kt-btn-width-type-fixed kb-btn-global-fill kt-btn-has-text-true kt-btn-has-svg-false wp-block-kadence-singlebtn\" href=\"http:\/\/catalogounificado.unsa.edu.ar\/\" target=\"_blank\" rel=\"noreferrer noopener\"><span class=\"kt-btn-inner-text\">Material Bibliogr\u00e1fico<\/span><\/a><\/div>\n\n\n<style>.wp-block-kadence-advancedheading.kt-adv-heading1261_a811ce-0b, .wp-block-kadence-advancedheading.kt-adv-heading1261_a811ce-0b[data-kb-block=\"kb-adv-heading1261_a811ce-0b\"]{font-style:normal;}.wp-block-kadence-advancedheading.kt-adv-heading1261_a811ce-0b mark.kt-highlight, .wp-block-kadence-advancedheading.kt-adv-heading1261_a811ce-0b[data-kb-block=\"kb-adv-heading1261_a811ce-0b\"] mark.kt-highlight{font-style:normal;color:#f76a0c;padding-top:0px;padding-right:0px;padding-bottom:0px;padding-left:0px;}<\/style>\n<h1 class=\"kt-adv-heading1261_a811ce-0b wp-block-kadence-advancedheading\" data-kb-block=\"kb-adv-heading1261_a811ce-0b\">Repositorio Institucional de la UNSa<\/h1>\n\n\n<style>.kb-image1261_2fa6a1-b6 .kb-image-has-overlay:after{opacity:0.3;}<\/style>\n<figure class=\"wp-block-kadence-image kb-image1261_2fa6a1-b6 size-full\"><img decoding=\"async\" loading=\"lazy\" width=\"954\" height=\"296\" src=\"http:\/\/portalcdc.unsa.edu.ar\/wp-content\/uploads\/2024\/03\/logoriunsa.png\" alt=\"\" class=\"kb-img wp-image-1263\" srcset=\"http:\/\/portalcdc.unsa.edu.ar\/wp-content\/uploads\/2024\/03\/logoriunsa.png 954w, http:\/\/portalcdc.unsa.edu.ar\/wp-content\/uploads\/2024\/03\/logoriunsa-300x93.png 300w, http:\/\/portalcdc.unsa.edu.ar\/wp-content\/uploads\/2024\/03\/logoriunsa-150x47.png 150w, http:\/\/portalcdc.unsa.edu.ar\/wp-content\/uploads\/2024\/03\/logoriunsa-768x238.png 768w\" sizes=\"(max-width: 954px) 100vw, 954px\" \/><\/figure>\n\n\n<style>.wp-block-kadence-advancedbtn.kb-btns1261_425be2-9e{gap:var(--global-kb-gap-xs, 0.5rem );justify-content:center;align-items:center;}.kt-btns1261_425be2-9e .kt-button{font-weight:normal;font-style:normal;}.kt-btns1261_425be2-9e .kt-btn-wrap-0{margin-right:5px;}.wp-block-kadence-advancedbtn.kt-btns1261_425be2-9e .kt-btn-wrap-0 .kt-button{color:#555555;border-color:#555555;}.wp-block-kadence-advancedbtn.kt-btns1261_425be2-9e .kt-btn-wrap-0 .kt-button:hover, .wp-block-kadence-advancedbtn.kt-btns1261_425be2-9e .kt-btn-wrap-0 .kt-button:focus{color:#ffffff;border-color:#444444;}.wp-block-kadence-advancedbtn.kt-btns1261_425be2-9e .kt-btn-wrap-0 .kt-button::before{display:none;}.wp-block-kadence-advancedbtn.kt-btns1261_425be2-9e .kt-btn-wrap-0 .kt-button:hover, .wp-block-kadence-advancedbtn.kt-btns1261_425be2-9e .kt-btn-wrap-0 .kt-button:focus{background:#444444;}<\/style>\n<div class=\"wp-block-kadence-advancedbtn kb-buttons-wrap kb-btns1261_425be2-9e\"><style>ul.menu .wp-block-kadence-advancedbtn .kb-btn1261_c0a6b9-9f.kb-button{width:initial;}.wp-block-kadence-advancedbtn .kb-btn1261_c0a6b9-9f.kb-button{font-size:var(--global-kb-font-size-md, 1.25rem);text-transform:none;}@media all and (max-width: 1024px){.kb-btn1261_c0a6b9-9f.kb-button .kb-svg-icon-wrap{display:block;}}<\/style><a class=\"kb-button kt-button button kb-btn1261_c0a6b9-9f kt-btn-size-standard kt-btn-width-type-auto kb-btn-global-fill kt-btn-has-text-true kt-btn-has-svg-false wp-block-kadence-singlebtn\" href=\"https:\/\/riunsa.unsa.edu.ar\/home\" target=\"_blank\" rel=\"noreferrer noopener\"><span class=\"kt-btn-inner-text\">Repositorio Institucional<\/span><\/a><\/div>\n\n\n<style>.wp-block-kadence-advancedheading.kt-adv-heading1261_5ea30d-f0, .wp-block-kadence-advancedheading.kt-adv-heading1261_5ea30d-f0[data-kb-block=\"kb-adv-heading1261_5ea30d-f0\"]{font-style:normal;}.wp-block-kadence-advancedheading.kt-adv-heading1261_5ea30d-f0 mark.kt-highlight, .wp-block-kadence-advancedheading.kt-adv-heading1261_5ea30d-f0[data-kb-block=\"kb-adv-heading1261_5ea30d-f0\"] mark.kt-highlight{font-style:normal;color:#f76a0c;padding-top:0px;padding-right:0px;padding-bottom:0px;padding-left:0px;}<\/style>\n<h1 class=\"kt-adv-heading1261_5ea30d-f0 wp-block-kadence-advancedheading\" data-kb-block=\"kb-adv-heading1261_5ea30d-f0\">Biblioteca Electr\u00f3nica CRAI &#8211; Universidad Nacional de Salta<\/h1>\n\n\n<style>.kb-image1261_bfe5eb-7c .kb-image-has-overlay:after{opacity:0.3;}<\/style>\n<figure class=\"wp-block-kadence-image kb-image1261_bfe5eb-7c size-large\"><img decoding=\"async\" loading=\"lazy\" width=\"1024\" height=\"287\" src=\"http:\/\/portalcdc.unsa.edu.ar\/wp-content\/uploads\/2024\/09\/e-libro-logo.c5173e113607-1024x287.png\" alt=\"\" class=\"kb-img wp-image-1435\" srcset=\"http:\/\/portalcdc.unsa.edu.ar\/wp-content\/uploads\/2024\/09\/e-libro-logo.c5173e113607-1024x287.png 1024w, http:\/\/portalcdc.unsa.edu.ar\/wp-content\/uploads\/2024\/09\/e-libro-logo.c5173e113607-300x84.png 300w, http:\/\/portalcdc.unsa.edu.ar\/wp-content\/uploads\/2024\/09\/e-libro-logo.c5173e113607-150x42.png 150w, http:\/\/portalcdc.unsa.edu.ar\/wp-content\/uploads\/2024\/09\/e-libro-logo.c5173e113607-768x215.png 768w, http:\/\/portalcdc.unsa.edu.ar\/wp-content\/uploads\/2024\/09\/e-libro-logo.c5173e113607-1536x431.png 1536w, http:\/\/portalcdc.unsa.edu.ar\/wp-content\/uploads\/2024\/09\/e-libro-logo.c5173e113607-2048x574.png 2048w\" sizes=\"(max-width: 1024px) 100vw, 1024px\" \/><\/figure>\n\n\n<style>.wp-block-kadence-advancedbtn.kb-btns1261_cbcb6c-1d{gap:var(--global-kb-gap-xs, 0.5rem );justify-content:center;align-items:center;}.kt-btns1261_cbcb6c-1d .kt-button{font-weight:normal;font-style:normal;}.kt-btns1261_cbcb6c-1d .kt-btn-wrap-0{margin-right:5px;}.wp-block-kadence-advancedbtn.kt-btns1261_cbcb6c-1d .kt-btn-wrap-0 .kt-button{color:#555555;border-color:#555555;}.wp-block-kadence-advancedbtn.kt-btns1261_cbcb6c-1d .kt-btn-wrap-0 .kt-button:hover, .wp-block-kadence-advancedbtn.kt-btns1261_cbcb6c-1d .kt-btn-wrap-0 .kt-button:focus{color:#ffffff;border-color:#444444;}.wp-block-kadence-advancedbtn.kt-btns1261_cbcb6c-1d .kt-btn-wrap-0 .kt-button::before{display:none;}.wp-block-kadence-advancedbtn.kt-btns1261_cbcb6c-1d .kt-btn-wrap-0 .kt-button:hover, .wp-block-kadence-advancedbtn.kt-btns1261_cbcb6c-1d .kt-btn-wrap-0 .kt-button:focus{background:#444444;}<\/style>\n<div class=\"wp-block-kadence-advancedbtn kb-buttons-wrap kb-btns1261_cbcb6c-1d\"><style>ul.menu .wp-block-kadence-advancedbtn .kb-btn1261_c51713-60.kb-button{width:initial;}@media all and (max-width: 1024px){.kb-btn1261_c51713-60.kb-button .kb-svg-icon-wrap{display:block;}}<\/style><a class=\"kb-button kt-button button kb-btn1261_c51713-60 kt-btn-size-standard kt-btn-width-type-auto kb-btn-global-fill kt-btn-has-text-true kt-btn-has-svg-false wp-block-kadence-singlebtn\" href=\"https:\/\/elibro.net\/es\/lc\/unsabiblio\/login_usuario\/?next=\/es\/lc\/unsabiblio\/inicio\/\"><span class=\"kt-btn-inner-text\">eLibro<\/span><\/a><\/div>\n","protected":false},"excerpt":{"rendered":"<p>Portales Portal de revistas de la UNSa Cat\u00e1logo en l\u00ednea Repositorio Institucional de la UNSa Biblioteca Electr\u00f3nica CRAI &#8211; Universidad Nacional de Salta<\/p>\n","protected":false},"author":1,"featured_media":0,"parent":73,"menu_order":0,"comment_status":"closed","ping_status":"closed","template":"","meta":{"_kadence_starter_templates_imported_post":false,"_kad_post_transparent":"","_kad_post_title":"","_kad_post_layout":"","_kad_post_sidebar_id":"","_kad_post_content_style":"","_kad_post_vertical_padding":"","_kad_post_feature":"","_kad_post_feature_position":"","_kad_post_header":false,"_kad_post_footer":false,"footnotes":""},"_links":{"self":[{"href":"http:\/\/portalcdc.unsa.edu.ar\/index.php?rest_route=\/wp\/v2\/pages\/1261"}],"collection":[{"href":"http:\/\/portalcdc.unsa.edu.ar\/index.php?rest_route=\/wp\/v2\/pages"}],"about":[{"href":"http:\/\/portalcdc.unsa.edu.ar\/index.php?rest_route=\/wp\/v2\/types\/page"}],"author":[{"embeddable":true,"href":"http:\/\/portalcdc.unsa.edu.ar\/index.php?rest_route=\/wp\/v2\/users\/1"}],"replies":[{"embeddable":true,"href":"http:\/\/portalcdc.unsa.edu.ar\/index.php?rest_route=%2Fwp%2Fv2%2Fcomments&post=1261"}],"version-history":[{"count":7,"href":"http:\/\/portalcdc.unsa.edu.ar\/index.php?rest_route=\/wp\/v2\/pages\/1261\/revisions"}],"predecessor-version":[{"id":1436,"href":"http:\/\/portalcdc.unsa.edu.ar\/index.php?rest_route=\/wp\/v2\/pages\/1261\/revisions\/1436"}],"up":[{"embeddable":true,"href":"http:\/\/portalcdc.unsa.edu.ar\/index.php?rest_route=\/wp\/v2\/pages\/73"}],"wp:attachment":[{"href":"http:\/\/portalcdc.unsa.edu.ar\/index.php?rest_route=%2Fwp%2Fv2%2Fmedia&parent=1261"}],"curies":[{"name":"wp","href":"https:\/\/api.w.org\/{rel}","templated":true}]}}