{"id":270,"date":"2023-10-10T09:25:54","date_gmt":"2023-10-10T12:25:54","guid":{"rendered":"http:\/\/portalcdc.unsa.edu.ar\/wordpress\/?page_id=270"},"modified":"2024-03-11T13:31:35","modified_gmt":"2024-03-11T16:31:35","slug":"sudocu-3","status":"publish","type":"page","link":"http:\/\/portalcdc.unsa.edu.ar\/?page_id=270","title":{"rendered":"SUDOCU"},"content":{"rendered":"<style>.kadence-column270_c333fb-86 > .kt-inside-inner-col,.kadence-column270_c333fb-86 > .kt-inside-inner-col:before{border-top-left-radius:0px;border-top-right-radius:0px;border-bottom-right-radius:0px;border-bottom-left-radius:0px;}.kadence-column270_c333fb-86 > .kt-inside-inner-col{column-gap:var(--global-kb-gap-sm, 1rem);}.kadence-column270_c333fb-86 > .kt-inside-inner-col{flex-direction:column;}.kadence-column270_c333fb-86 > .kt-inside-inner-col > .aligncenter{width:100%;}.kadence-column270_c333fb-86 > .kt-inside-inner-col:before{opacity:0.3;}.kadence-column270_c333fb-86{position:relative;}@media all and (max-width: 1024px){.kadence-column270_c333fb-86 > .kt-inside-inner-col{flex-direction:column;}}@media all and (max-width: 767px){.kadence-column270_c333fb-86 > .kt-inside-inner-col{flex-direction:column;}}<\/style>\n<div class=\"wp-block-kadence-column kadence-column270_c333fb-86\"><div class=\"kt-inside-inner-col\">\n<figure class=\"wp-block-image aligncenter size-full\"><img decoding=\"async\" loading=\"lazy\" width=\"2040\" height=\"632\" src=\"http:\/\/portalcdc.unsa.edu.ar\/wp-content\/uploads\/2023\/10\/sudocu-portada.jpeg\" alt=\"\" class=\"wp-image-274\"\/><\/figure>\n\n\n\n<p>La Soluci\u00f3n de Expediente Electr\u00f3nico Integrado es una herramienta compuesta por m\u00faltiples componentes que permiten llevar adelante la gesti\u00f3n integral de documentos y expedientes de manera distribuida.<\/p>\n\n\n\n<p>Uno de estos componentes es SUDOCU, el sistema de Gesti\u00f3n Integral de documentos y tr\u00e1mites, con el que es posible crear todo tipo de documentos digitales y administrar el ciclo de vida completo de los mismos.<\/p>\n\n\n\n<p>La SEEI es una herramienta que contempla el nuevo paradigma de expediente electr\u00f3nico, por eso se destaca su flexibilidad para adaptarse a esta nueva realidad que afecta a todos los miembros de la Comunidad, adem\u00e1s de contar con un dise\u00f1o responsivo que le permite ser navegado en cualquier momento y lugar a trav\u00e9s de cualquier dispositivo con conexi\u00f3n a Internet.<\/p>\n\n\n\n<p>En la Universidad contamos con tres instalaciones para su capacitaci\u00f3n y uso en producci\u00f3n, para acceder al sistema de capacitaci\u00f3n pueden hacerlo con usuarios gen\u00e9ricos y los mismos se encuentran definidos <a href=\"http:\/\/cdc.unsa.edu.ar\/instructivos\/lista%20usuarios.pdf\" target=\"_blank\" rel=\"noreferrer noopener\">aqu\u00ed<\/a>, para acceder a sistema de pruebas y de producci\u00f3n se les ha enviado un mail con usuario.<\/p>\n\n\n<style>.wp-block-kadence-advancedbtn.kb-btns270_ada341-54{gap:var(--global-kb-gap-xs, 0.5rem );justify-content:center;align-items:center;}.kt-btns270_ada341-54 .kt-button{font-weight:normal;font-style:normal;}.kt-btns270_ada341-54 .kt-btn-wrap-0{margin-right:5px;}.wp-block-kadence-advancedbtn.kt-btns270_ada341-54 .kt-btn-wrap-0 .kt-button{color:#555555;border-color:#555555;}.wp-block-kadence-advancedbtn.kt-btns270_ada341-54 .kt-btn-wrap-0 .kt-button:hover, .wp-block-kadence-advancedbtn.kt-btns270_ada341-54 .kt-btn-wrap-0 .kt-button:focus{color:#ffffff;border-color:#444444;}.wp-block-kadence-advancedbtn.kt-btns270_ada341-54 .kt-btn-wrap-0 .kt-button::before{display:none;}.wp-block-kadence-advancedbtn.kt-btns270_ada341-54 .kt-btn-wrap-0 .kt-button:hover, .wp-block-kadence-advancedbtn.kt-btns270_ada341-54 .kt-btn-wrap-0 .kt-button:focus{background:#444444;}<\/style>\n<div class=\"wp-block-kadence-advancedbtn kb-buttons-wrap kb-btns270_ada341-54\"><style>.wp-block-kadence-advancedbtn .kb-btn270_e3db8b-82.kb-button{background:#4070e9;font-size:var(--global-kb-font-size-md, 1.25rem);text-transform:none;}.wp-block-kadence-advancedbtn .kb-btn270_e3db8b-82.kb-button:hover, .wp-block-kadence-advancedbtn .kb-btn270_e3db8b-82.kb-button:focus{color:#ece8e8;background:#0c0968;}@media all and (max-width: 1024px){.kb-btn270_e3db8b-82.kb-button .kb-svg-icon-wrap{display:block;}}<\/style><a class=\"kb-button kt-button button kb-btn270_e3db8b-82 kt-btn-size-large kt-btn-width-type-fixed kb-btn-global-fill kt-btn-has-text-true kt-btn-has-svg-false wp-block-kadence-singlebtn\" href=\"https:\/\/capacitacioneei.unsa.edu.ar\/idp\/module.php\/arai\/loginuserpass.php?AuthState=_58c89540174cc90337be2464a4c64a99c78204707b%3Ahttps%3A%2F%2Fcapacitacioneei.unsa.edu.ar%2Fidp%2Fsaml2%2Fidp%2FSSOService.php%3Fspentityid%3Dhttps%253A%252F%252Fcapacitacioneei.unsa.edu.ar%252Fsaml%252Fmetadata%26RelayState%3Dhttps%253A%252F%252Fcapacitacioneei.unsa.edu.ar%252Fsaml%252Flogin%26cookieTime%3D1696940325\" target=\"_blank\" rel=\"noreferrer noopener\"><span class=\"kt-btn-inner-text\">Sist. de capacitaci\u00f3n<\/span><\/a>\n\n<style>.wp-block-kadence-advancedbtn .kb-btn270_d497f1-4c.kb-button{background:#4070e9;font-size:var(--global-kb-font-size-md, 1.25rem);text-transform:none;}.wp-block-kadence-advancedbtn .kb-btn270_d497f1-4c.kb-button:hover, .wp-block-kadence-advancedbtn .kb-btn270_d497f1-4c.kb-button:focus{color:#ece8e8;background:#0c0968;}@media all and (max-width: 1024px){.kb-btn270_d497f1-4c.kb-button .kb-svg-icon-wrap{display:block;}}<\/style><a class=\"kb-button kt-button button kb-btn270_d497f1-4c kt-btn-size-large kt-btn-width-type-fixed kb-btn-global-fill kt-btn-has-text-true kt-btn-has-svg-false wp-block-kadence-singlebtn\" href=\"https:\/\/devportal.unsa.edu.ar\/idp\/module.php\/arai\/loginuserpass.php?AuthState=_fd54bc0cb06a0ab0f8285dc0f92d4f2fc6458620bf%3Ahttps%3A%2F%2Fdevportal.unsa.edu.ar%2Fidp%2Fsaml2%2Fidp%2FSSOService.php%3Fspentityid%3Dhttps%253A%252F%252Fdevportal.unsa.edu.ar%252Fsaml%252Fmetadata%26RelayState%3Dhttps%253A%252F%252Fdevportal.unsa.edu.ar%252Fsaml%252Flogin%26cookieTime%3D1696940364\" target=\"_blank\" rel=\"noreferrer noopener\"><span class=\"kt-btn-inner-text\">Sist. de pruebas<\/span><\/a>\n\n<style>.wp-block-kadence-advancedbtn .kb-btn270_685053-f3.kb-button{background:#4070e9;font-size:var(--global-kb-font-size-md, 1.25rem);text-transform:none;}.wp-block-kadence-advancedbtn .kb-btn270_685053-f3.kb-button:hover, .wp-block-kadence-advancedbtn .kb-btn270_685053-f3.kb-button:focus{color:#ece8e8;background:#0c0968;}@media all and (max-width: 1024px){.kb-btn270_685053-f3.kb-button .kb-svg-icon-wrap{display:block;}}<\/style><a class=\"kb-button kt-button button kb-btn270_685053-f3 kt-btn-size-large kt-btn-width-type-fixed kb-btn-global-fill kt-btn-has-text-true kt-btn-has-svg-false wp-block-kadence-singlebtn\" href=\"https:\/\/portal.unsa.edu.ar\/idp\/module.php\/arai\/loginuserpass.php?AuthState=_ad06b927d13b1e4d6543cc24fd234f13080ba3c729%3Ahttps%3A%2F%2Fportal.unsa.edu.ar%2Fidp%2Fsaml2%2Fidp%2FSSOService.php%3Fspentityid%3Dhttps%253A%252F%252Fportal.unsa.edu.ar%252Fsaml%252Fmetadata%26RelayState%3Dhttps%253A%252F%252Fportal.unsa.edu.ar%252Fsaml%252Flogin%26cookieTime%3D1696940451\" target=\"_blank\" rel=\"noreferrer noopener\"><span class=\"kt-btn-inner-text\">Sist. de producci\u00f3n<\/span><\/a><\/div>\n<\/div><\/div>\n\n\n\n<div style=\"height:27px\" aria-hidden=\"true\" class=\"wp-block-spacer\"><\/div>\n\n\n\n<p>Para ver los instructivos dir\u00edjase a <a href=\"http:\/\/portalcdc.unsa.edu.ar\/?page_id=70\" data-type=\"link\" data-id=\"http:\/\/portalcdc.unsa.edu.ar\/?page_id=70\" target=\"_blank\" rel=\"noreferrer noopener\">Documentaci\u00f3n<\/a><\/p>\n","protected":false},"excerpt":{"rendered":"<p>La Soluci\u00f3n de Expediente Electr\u00f3nico Integrado es una herramienta compuesta por m\u00faltiples componentes que permiten llevar adelante la gesti\u00f3n integral de documentos y expedientes de manera distribuida. Uno de estos&#8230;<\/p>\n","protected":false},"author":1,"featured_media":0,"parent":1238,"menu_order":0,"comment_status":"closed","ping_status":"closed","template":"","meta":{"_kadence_starter_templates_imported_post":false,"_kad_post_transparent":"","_kad_post_title":"","_kad_post_layout":"","_kad_post_sidebar_id":"","_kad_post_content_style":"","_kad_post_vertical_padding":"","_kad_post_feature":"","_kad_post_feature_position":"","_kad_post_header":false,"_kad_post_footer":false,"footnotes":""},"_links":{"self":[{"href":"http:\/\/portalcdc.unsa.edu.ar\/index.php?rest_route=\/wp\/v2\/pages\/270"}],"collection":[{"href":"http:\/\/portalcdc.unsa.edu.ar\/index.php?rest_route=\/wp\/v2\/pages"}],"about":[{"href":"http:\/\/portalcdc.unsa.edu.ar\/index.php?rest_route=\/wp\/v2\/types\/page"}],"author":[{"embeddable":true,"href":"http:\/\/portalcdc.unsa.edu.ar\/index.php?rest_route=\/wp\/v2\/users\/1"}],"replies":[{"embeddable":true,"href":"http:\/\/portalcdc.unsa.edu.ar\/index.php?rest_route=%2Fwp%2Fv2%2Fcomments&post=270"}],"version-history":[{"count":18,"href":"http:\/\/portalcdc.unsa.edu.ar\/index.php?rest_route=\/wp\/v2\/pages\/270\/revisions"}],"predecessor-version":[{"id":1302,"href":"http:\/\/portalcdc.unsa.edu.ar\/index.php?rest_route=\/wp\/v2\/pages\/270\/revisions\/1302"}],"up":[{"embeddable":true,"href":"http:\/\/portalcdc.unsa.edu.ar\/index.php?rest_route=\/wp\/v2\/pages\/1238"}],"wp:attachment":[{"href":"http:\/\/portalcdc.unsa.edu.ar\/index.php?rest_route=%2Fwp%2Fv2%2Fmedia&parent=270"}],"curies":[{"name":"wp","href":"https:\/\/api.w.org\/{rel}","templated":true}]}}