{"id":69,"date":"2023-09-22T08:27:01","date_gmt":"2023-09-22T11:27:01","guid":{"rendered":"https:\/\/prueba0143.wordpress.com\/?page_id=69"},"modified":"2024-03-12T13:26:12","modified_gmt":"2024-03-12T16:26:12","slug":"institucional","status":"publish","type":"page","link":"http:\/\/portalcdc.unsa.edu.ar\/?page_id=69","title":{"rendered":"Institucional"},"content":{"rendered":"<style>.kb-image69_37a787-b5 .kb-image-has-overlay:after{opacity:0.3;}<\/style>\n<figure class=\"wp-block-kadence-image kb-image69_37a787-b5 size-full\"><img decoding=\"async\" loading=\"lazy\" width=\"1024\" height=\"768\" src=\"http:\/\/portalcdc.unsa.edu.ar\/wp-content\/uploads\/2023\/12\/Organigrama-CDC.png\" alt=\"\" class=\"kb-img wp-image-1126\" srcset=\"http:\/\/portalcdc.unsa.edu.ar\/wp-content\/uploads\/2023\/12\/Organigrama-CDC.png 1024w, http:\/\/portalcdc.unsa.edu.ar\/wp-content\/uploads\/2023\/12\/Organigrama-CDC-300x225.png 300w, http:\/\/portalcdc.unsa.edu.ar\/wp-content\/uploads\/2023\/12\/Organigrama-CDC-150x113.png 150w, http:\/\/portalcdc.unsa.edu.ar\/wp-content\/uploads\/2023\/12\/Organigrama-CDC-768x576.png 768w\" sizes=\"(max-width: 1024px) 100vw, 1024px\" \/><\/figure>\n\n\n<style>.wp-block-kadence-spacer.kt-block-spacer-69_2708f0-16 .kt-block-spacer{height:60px;}.wp-block-kadence-spacer.kt-block-spacer-69_2708f0-16 .kt-divider{border-top-width:1px;height:1px;border-top-color:#eee;width:80%;border-top-style:solid;}<\/style>\n<div class=\"wp-block-kadence-spacer aligncenter kt-block-spacer-69_2708f0-16\"><div class=\"kt-block-spacer kt-block-spacer-halign-center\"><hr class=\"kt-divider\"\/><\/div><\/div>\n\n\n<style>.kt-accordion-id69_aad888-e5 .kt-accordion-inner-wrap{column-gap:var(--global-kb-gap-md, 2rem);row-gap:10px;}.kt-accordion-id69_aad888-e5 .kt-accordion-panel-inner{border-top:0px solid transparent;border-right:1px solid transparent;border-bottom:1px solid transparent;border-left:1px solid transparent;background:#ffffff;padding-top:var(--global-kb-spacing-sm, 1.5rem);padding-right:var(--global-kb-spacing-sm, 1.5rem);padding-bottom:var(--global-kb-spacing-sm, 1.5rem);padding-left:var(--global-kb-spacing-sm, 1.5rem);}.kt-accordion-id69_aad888-e5 .wp-block-kadence-pane .kt-accordion-header-wrap .kt-blocks-accordion-header{border-top:0px solid #eeeeee;border-right:0px solid #eeeeee;border-bottom:0px solid #eeeeee;border-left:0px solid #eeeeee;border-top-left-radius:0px;border-top-right-radius:0px;border-bottom-right-radius:0px;border-bottom-left-radius:0px;background:#ffffff;font-size:var(--global-kb-font-size-xl, 3rem);color:#000000;padding-top:14px;padding-right:16px;padding-bottom:14px;padding-left:16px;}.kt-accordion-id69_aad888-e5:not( .kt-accodion-icon-style-basiccircle ):not( .kt-accodion-icon-style-xclosecircle ):not( .kt-accodion-icon-style-arrowcircle ) .kt-blocks-accordion-icon-trigger:after, .kt-accordion-id69_aad888-e5:not( .kt-accodion-icon-style-basiccircle ):not( .kt-accodion-icon-style-xclosecircle ):not( .kt-accodion-icon-style-arrowcircle ) .kt-blocks-accordion-icon-trigger:before{background:#000000;}.kt-accordion-id69_aad888-e5:not( .kt-accodion-icon-style-basic ):not( .kt-accodion-icon-style-xclose ):not( .kt-accodion-icon-style-arrow ) .kt-blocks-accordion-icon-trigger{background:#000000;}.kt-accordion-id69_aad888-e5:not( .kt-accodion-icon-style-basic ):not( .kt-accodion-icon-style-xclose ):not( .kt-accodion-icon-style-arrow ) .kt-blocks-accordion-icon-trigger:after, .kt-accordion-id69_aad888-e5:not( .kt-accodion-icon-style-basic ):not( .kt-accodion-icon-style-xclose ):not( .kt-accodion-icon-style-arrow ) .kt-blocks-accordion-icon-trigger:before{background:#ffffff;}.kt-accordion-id69_aad888-e5 .kt-accordion-header-wrap .kt-blocks-accordion-header:hover, body:not(.hide-focus-outline) .kt-accordion-id69_aad888-e5 .kt-accordion-header-wrap .kt-blocks-accordion-header:focus-visible{color:#444444;background:#ffffff;border-top-color:#d4d4d4;border-top-style:solid;border-right-color:#d4d4d4;border-right-style:solid;border-bottom-color:#d4d4d4;border-bottom-style:solid;border-left-color:#d4d4d4;border-left-style:solid;}.kt-accordion-id69_aad888-e5:not( .kt-accodion-icon-style-basiccircle ):not( .kt-accodion-icon-style-xclosecircle ):not( .kt-accodion-icon-style-arrowcircle ) .kt-blocks-accordion-header:hover .kt-blocks-accordion-icon-trigger:after, .kt-accordion-id69_aad888-e5:not( .kt-accodion-icon-style-basiccircle ):not( .kt-accodion-icon-style-xclosecircle ):not( .kt-accodion-icon-style-arrowcircle ) .kt-blocks-accordion-header:hover .kt-blocks-accordion-icon-trigger:before, body:not(.hide-focus-outline) .kt-accordion-id69_aad888-e5:not( .kt-accodion-icon-style-basiccircle ):not( .kt-accodion-icon-style-xclosecircle ):not( .kt-accodion-icon-style-arrowcircle ) .kt-blocks-accordion--visible .kt-blocks-accordion-icon-trigger:after, body:not(.hide-focus-outline) .kt-accordion-id69_aad888-e5:not( .kt-accodion-icon-style-basiccircle ):not( .kt-accodion-icon-style-xclosecircle ):not( .kt-accodion-icon-style-arrowcircle ) .kt-blocks-accordion-header:focus-visible .kt-blocks-accordion-icon-trigger:before{background:#444444;}.kt-accordion-id69_aad888-e5:not( .kt-accodion-icon-style-basic ):not( .kt-accodion-icon-style-xclose ):not( .kt-accodion-icon-style-arrow ) .kt-blocks-accordion-header:hover .kt-blocks-accordion-icon-trigger, body:not(.hide-focus-outline) .kt-accordion-id69_aad888-e5:not( .kt-accodion-icon-style-basic ):not( .kt-accodion-icon-style-xclose ):not( .kt-accodion-icon-style-arrow ) .kt-blocks-accordion-header:focus-visible .kt-blocks-accordion-icon-trigger{background:#444444;}.kt-accordion-id69_aad888-e5:not( .kt-accodion-icon-style-basic ):not( .kt-accodion-icon-style-xclose ):not( .kt-accodion-icon-style-arrow ) .kt-blocks-accordion-header:hover .kt-blocks-accordion-icon-trigger:after, .kt-accordion-id69_aad888-e5:not( .kt-accodion-icon-style-basic ):not( .kt-accodion-icon-style-xclose ):not( .kt-accodion-icon-style-arrow ) .kt-blocks-accordion-header:hover .kt-blocks-accordion-icon-trigger:before, body:not(.hide-focus-outline) .kt-accordion-id69_aad888-e5:not( .kt-accodion-icon-style-basic ):not( .kt-accodion-icon-style-xclose ):not( .kt-accodion-icon-style-arrow ) .kt-blocks-accordion-header:focus-visible .kt-blocks-accordion-icon-trigger:after, body:not(.hide-focus-outline) .kt-accordion-id69_aad888-e5:not( .kt-accodion-icon-style-basic ):not( .kt-accodion-icon-style-xclose ):not( .kt-accodion-icon-style-arrow ) .kt-blocks-accordion-header:focus-visible .kt-blocks-accordion-icon-trigger:before{background:#ffffff;}.kt-accordion-id69_aad888-e5 .kt-accordion-header-wrap .kt-blocks-accordion-header:focus-visible, .kt-accordion-id69_aad888-e5 .kt-accordion-header-wrap .kt-blocks-accordion-header.kt-accordion-panel-active{color:#444444;background:#ffffff;border-top-color:#eeeeee;border-top-style:solid;border-right-color:#eeeeee;border-right-style:solid;border-bottom-color:#eeeeee;border-bottom-style:solid;border-left-color:#0e9cd1;border-left-style:solid;}.kt-accordion-id69_aad888-e5:not( .kt-accodion-icon-style-basiccircle ):not( .kt-accodion-icon-style-xclosecircle ):not( .kt-accodion-icon-style-arrowcircle ) .kt-blocks-accordion-header.kt-accordion-panel-active .kt-blocks-accordion-icon-trigger:after, .kt-accordion-id69_aad888-e5:not( .kt-accodion-icon-style-basiccircle ):not( .kt-accodion-icon-style-xclosecircle ):not( .kt-accodion-icon-style-arrowcircle ) .kt-blocks-accordion-header.kt-accordion-panel-active .kt-blocks-accordion-icon-trigger:before{background:#444444;}.kt-accordion-id69_aad888-e5:not( .kt-accodion-icon-style-basic ):not( .kt-accodion-icon-style-xclose ):not( .kt-accodion-icon-style-arrow ) .kt-blocks-accordion-header.kt-accordion-panel-active .kt-blocks-accordion-icon-trigger{background:#444444;}.kt-accordion-id69_aad888-e5:not( .kt-accodion-icon-style-basic ):not( .kt-accodion-icon-style-xclose ):not( .kt-accodion-icon-style-arrow ) .kt-blocks-accordion-header.kt-accordion-panel-active .kt-blocks-accordion-icon-trigger:after, .kt-accordion-id69_aad888-e5:not( .kt-accodion-icon-style-basic ):not( .kt-accodion-icon-style-xclose ):not( .kt-accodion-icon-style-arrow ) .kt-blocks-accordion-header.kt-accordion-panel-active .kt-blocks-accordion-icon-trigger:before{background:#ffffff;}@media all and (max-width: 1024px){.kt-accordion-id69_aad888-e5 .kt-accordion-panel-inner{border-top:0px solid transparent;border-right:1px solid transparent;border-bottom:1px solid transparent;border-left:1px solid transparent;}}@media all and (max-width: 1024px){.kt-accordion-id69_aad888-e5 .wp-block-kadence-pane .kt-accordion-header-wrap .kt-blocks-accordion-header{border-top:0px solid #eeeeee;border-right:0px solid #eeeeee;border-bottom:0px solid #eeeeee;border-left:0px solid #eeeeee;}}@media all and (max-width: 1024px){.kt-accordion-id69_aad888-e5 .kt-accordion-header-wrap .kt-blocks-accordion-header:hover, body:not(.hide-focus-outline) .kt-accordion-id69_aad888-e5 .kt-accordion-header-wrap .kt-blocks-accordion-header:focus-visible{border-top-color:#d4d4d4;border-top-style:solid;border-right-color:#d4d4d4;border-right-style:solid;border-bottom-color:#d4d4d4;border-bottom-style:solid;border-left-color:#d4d4d4;border-left-style:solid;}}@media all and (max-width: 1024px){.kt-accordion-id69_aad888-e5 .kt-accordion-header-wrap .kt-blocks-accordion-header:focus-visible, .kt-accordion-id69_aad888-e5 .kt-accordion-header-wrap .kt-blocks-accordion-header.kt-accordion-panel-active{border-top-color:#eeeeee;border-top-style:solid;border-right-color:#eeeeee;border-right-style:solid;border-bottom-color:#eeeeee;border-bottom-style:solid;border-left-color:#0e9cd1;border-left-style:solid;}}@media all and (max-width: 767px){.kt-accordion-id69_aad888-e5 .kt-accordion-inner-wrap{display:block;}.kt-accordion-id69_aad888-e5 .kt-accordion-inner-wrap .kt-accordion-pane:not(:first-child){margin-top:10px;}.kt-accordion-id69_aad888-e5 .kt-accordion-panel-inner{border-top:0px solid transparent;border-right:1px solid transparent;border-bottom:1px solid transparent;border-left:1px solid transparent;}.kt-accordion-id69_aad888-e5 .wp-block-kadence-pane .kt-accordion-header-wrap .kt-blocks-accordion-header{border-top:0px solid #eeeeee;border-right:0px solid #eeeeee;border-bottom:0px solid #eeeeee;border-left:0px solid #eeeeee;}.kt-accordion-id69_aad888-e5 .kt-accordion-header-wrap .kt-blocks-accordion-header:hover, body:not(.hide-focus-outline) .kt-accordion-id69_aad888-e5 .kt-accordion-header-wrap .kt-blocks-accordion-header:focus-visible{border-top-color:#d4d4d4;border-top-style:solid;border-right-color:#d4d4d4;border-right-style:solid;border-bottom-color:#d4d4d4;border-bottom-style:solid;border-left-color:#d4d4d4;border-left-style:solid;}.kt-accordion-id69_aad888-e5 .kt-accordion-header-wrap .kt-blocks-accordion-header:focus-visible, .kt-accordion-id69_aad888-e5 .kt-accordion-header-wrap .kt-blocks-accordion-header.kt-accordion-panel-active{border-top-color:#eeeeee;border-top-style:solid;border-right-color:#eeeeee;border-right-style:solid;border-bottom-color:#eeeeee;border-bottom-style:solid;border-left-color:#0e9cd1;border-left-style:solid;}}<\/style>\n<div class=\"wp-block-kadence-accordion alignnone\"><div class=\"kt-accordion-wrap kt-accordion-id69_aad888-e5 kt-accordion-has-3-panes kt-active-pane-0 kt-accordion-block kt-pane-header-alignment-left kt-accodion-icon-style-arrowcircle kt-accodion-icon-side-right\" style=\"max-width:none\"><div class=\"kt-accordion-inner-wrap\" data-allow-multiple-open=\"false\" data-start-open=\"none\">\n<div class=\"wp-block-kadence-pane kt-accordion-pane kt-accordion-pane-1 kt-pane69_d3bf08-56\"><div class=\"kt-accordion-header-wrap\"><button class=\"kt-blocks-accordion-header kt-acccordion-button-label-show\"><span class=\"kt-blocks-accordion-title-wrap\"><span class=\"kb-svg-icon-wrap kb-svg-icon-fe_users kt-btn-side-left\"><svg viewBox=\"0 0 24 24\"  fill=\"none\" stroke=\"currentColor\" stroke-width=\"2\" stroke-linecap=\"round\" stroke-linejoin=\"round\" xmlns=\"http:\/\/www.w3.org\/2000\/svg\"  aria-hidden=\"true\"><path d=\"M17 21v-2a4 4 0 0 0-4-4H5a4 4 0 0 0-4 4v2\"\/><circle cx=\"9\" cy=\"7\" r=\"4\"\/><path d=\"M23 21v-2a4 4 0 0 0-3-3.87\"\/><path d=\"M16 3.13a4 4 0 0 1 0 7.75\"\/><\/svg><\/span><span class=\"kt-blocks-accordion-title\"><strong>Personal CDC<\/strong><\/span><\/span><span class=\"kt-blocks-accordion-icon-trigger\"><\/span><\/button><\/div><div class=\"kt-accordion-panel kt-accordion-panel-hidden\"><div class=\"kt-accordion-panel-inner\">\n<p><strong>Director General :<\/strong><br>Director de Programacion y Mto. Sistemas :<br>LIC. CORRILLO, DIONICIO<br>&nbsp;<strong>Programacion y Mto. Sistemas :<\/strong><br>GONZALEZ, JAVIER OMAR<br>CU. TOLABA, HUGO CRISTOBAL<br>&nbsp;LIC. CRUZ, NESTOR HUGO<br>TSAGU. TORRES, JUAN VICENTE&nbsp;<br>TOLABA, ERNESTO PABLO<br>LIC. RODAS, MARCELA&nbsp;<br>LIC. GUERRA, JAVIER&nbsp;<br>LIC. CERVANTES, SILVIA<br>&nbsp;LIC. MARTINEZ, YANINA<br><strong>Depto. Admnistrativo<\/strong><\/p>\n<\/div><\/div><\/div>\n\n\n\n<div class=\"wp-block-kadence-pane kt-accordion-pane kt-accordion-pane-3 kt-pane69_d48108-ed\"><div class=\"kt-accordion-header-wrap\"><button class=\"kt-blocks-accordion-header kt-acccordion-button-label-show\"><span class=\"kt-blocks-accordion-title-wrap\"><span class=\"kb-svg-icon-wrap kb-svg-icon-fe_grid kt-btn-side-left\"><svg viewBox=\"0 0 24 24\"  fill=\"none\" stroke=\"currentColor\" stroke-width=\"2\" stroke-linecap=\"round\" stroke-linejoin=\"round\" xmlns=\"http:\/\/www.w3.org\/2000\/svg\"  aria-hidden=\"true\"><rect x=\"3\" y=\"3\" width=\"7\" height=\"7\"\/><rect x=\"14\" y=\"3\" width=\"7\" height=\"7\"\/><rect x=\"14\" y=\"14\" width=\"7\" height=\"7\"\/><rect x=\"3\" y=\"14\" width=\"7\" height=\"7\"\/><\/svg><\/span><span class=\"kt-blocks-accordion-title\"><strong>Funciones<\/strong><\/span><\/span><span class=\"kt-blocks-accordion-icon-trigger\"><\/span><\/button><\/div><div class=\"kt-accordion-panel kt-accordion-panel-hidden\"><div class=\"kt-accordion-panel-inner\">\n<p>DIRECCI\u00d3N GENERAL CENTRO DE C\u00d3MPUTOS<\/p>\n\n\n\n<ul>\n<li>Realizar la conducci\u00f3n de Centro de C\u00f3mputos.<\/li>\n\n\n\n<li>Definir las pol\u00edticas de desarrollo y ejecuci\u00f3n para la Direcci\u00f3n General.<\/li>\n\n\n\n<li>Responsabilizarse por el correcto funcionamiento de los procesos de informaci\u00f3n llevados a cabo en el Centro de C\u00f3mputos.<\/li>\n\n\n\n<li>Asesorar en temas de inform\u00e1tica a las Autoridades.<\/li>\n\n\n\n<li>Proponer proyectos de informatizaci\u00f3n a las Autoridades.<\/li>\n\n\n\n<li>Coordinar las tareas de los dem\u00e1s centros de procesamiento de la Universidad.<\/li>\n\n\n\n<li>Definir y actualizar la estructura y organizaci\u00f3n interna del Centro de C\u00f3mputos.<\/li>\n<\/ul>\n\n\n\n<p>DIRECCI\u00d3N DE PROGRAMACI\u00d3N Y MANTENIMIENTO DE SISTEMAS DE INFORMACI\u00d3N<\/p>\n\n\n\n<ul>\n<li>Asistir a la Direcci\u00f3n General en todo lo relacionado con sus funciones y realizar la conducci\u00f3n del Centro de C\u00f3mputos en caso de ausencia del Director General.<\/li>\n\n\n\n<li>Entender la gesti\u00f3n administrativa, contable, patrimonial y de recursos humanos.<\/li>\n\n\n\n<li>Entender la capacitaci\u00f3n de recursos humanos de la Universidad, en temas relacionados a los distintos servicios que brinda el Centro de C\u00f3mputos.<\/li>\n\n\n\n<li>Coordinar las tareas desempe\u00f1adas por el Departamento de Programaci\u00f3n.<\/li>\n\n\n\n<li>Dirigir el an\u00e1lisis, dise\u00f1o e implementaci\u00f3n de los sistemas de informaci\u00f3n.<\/li>\n\n\n\n<li>Efectuar el an\u00e1lisis de factibilidad de nuevos desarrollos de sistemas.<\/li>\n\n\n\n<li>Determinar los costos de los sistemas, como as\u00ed tambi\u00e9n el costo de funcionamiento del Centro de C\u00f3mputos.<\/li>\n\n\n\n<li>Fijar las pautas de trabajo de la Direcci\u00f3n.<\/li>\n\n\n\n<li>Realizar cualquier tarea af\u00edn al funcionamiento del Centro de C\u00f3mputos encomendadas por el Director General.<\/li>\n<\/ul>\n\n\n\n<p>DEPARTAMENTO DE PROGRAMACI\u00d3N<\/p>\n\n\n\n<ul>\n<li>Realizar el an\u00e1lisis, dise\u00f1o e implementaci\u00f3n de los sistemas de informaci\u00f3n.<\/li>\n\n\n\n<li>Entender, atender e intervenir e las tareas o proyectos relacionados con sistemas en redes.<\/li>\n\n\n\n<li>Capacitar a los usuarios en los sistemas implementados.<\/li>\n\n\n\n<li>Confeccionar los manuales de uso de los sistemas, como as\u00ed tambi\u00e9n la carpeta de documentaci\u00f3n de los mismos.<\/li>\n\n\n\n<li>Investigar, desarrollar e implementar programas utilitarios de apoyo.<\/li>\n\n\n\n<li>Estudiar y mantenerse actualizado sobre nuevos productos de aplicaci\u00f3n y desarrollo.<\/li>\n\n\n\n<li>Intervenir en el dictado de cursos de capacitaci\u00f3n que implemente el Departamento de Operaciones y Capacitaci\u00f3n.<\/li>\n\n\n\n<li>Intervenir junto con los usuarios de los sistemas en la redacci\u00f3n de los procedimientos a seguir, vinculados con la operaci\u00f3n de los mismos.<\/li>\n\n\n\n<li>Fijar las pautas de trabajo del personal del Departamento.<\/li>\n\n\n\n<li>Realizar cualquier tarea af\u00edn al funcionamiento del Centro de C\u00f3mputos encomendadas por el Director de Sistemas de Informaci\u00f3n.<\/li>\n<\/ul>\n\n\n\n<p>DEPARTAMENTO \u00c1REA ADMINISTRATIVA<\/p>\n\n\n\n<ul>\n<li>Recibir, registrar, distribuir, controlar y archivar la documentaci\u00f3n del Centro de C\u00f3mputos.<\/li>\n\n\n\n<li>Administrar el Stock de insumos, detectando los puntos de pedido para posteriormente iniciar los tr\u00e1mites de compra.<\/li>\n\n\n\n<li>Administrar la Caja Chica de la Direcci\u00f3n General.<\/li>\n\n\n\n<li>Administrar la Biblioteca de la Direcci\u00f3n General.<\/li>\n\n\n\n<li>Administrar el patrimonio e inventario de los bienes del Centro de C\u00f3mputos.<\/li>\n\n\n\n<li>Controlar la asistencia del personal.<\/li>\n\n\n\n<li>Organizar y controlar las tareas del ordenanza.<\/li>\n\n\n\n<li>Colaborar con las tareas administrativas de los otros Departamentos.<\/li>\n\n\n\n<li>Realizar cualquier tarea af\u00edn al funcionamiento del Centro de C\u00f3mputos encomendadas por el Director General.<\/li>\n<\/ul>\n<\/div><\/div><\/div>\n<\/div><\/div><\/div>\n\n\n<style>.wp-block-kadence-spacer.kt-block-spacer-69_461229-45 .kt-block-spacer{height:60px;}.wp-block-kadence-spacer.kt-block-spacer-69_461229-45 .kt-divider{border-top-width:1px;height:1px;border-top-color:#eee;width:80%;border-top-style:solid;}<\/style>\n<div class=\"wp-block-kadence-spacer aligncenter kt-block-spacer-69_461229-45\"><div class=\"kt-block-spacer kt-block-spacer-halign-center\"><hr class=\"kt-divider\"\/><\/div><\/div>\n\n\n<style>.wp-block-kadence-advancedheading.kt-adv-heading69_869c66-5c, .wp-block-kadence-advancedheading.kt-adv-heading69_869c66-5c[data-kb-block=\"kb-adv-heading69_869c66-5c\"]{font-style:normal;}.wp-block-kadence-advancedheading.kt-adv-heading69_869c66-5c mark.kt-highlight, .wp-block-kadence-advancedheading.kt-adv-heading69_869c66-5c[data-kb-block=\"kb-adv-heading69_869c66-5c\"] mark.kt-highlight{font-style:normal;color:#f76a0c;padding-top:0px;padding-right:0px;padding-bottom:0px;padding-left:0px;}<\/style>\n<h1 class=\"kt-adv-heading69_869c66-5c wp-block-kadence-advancedheading\" data-kb-block=\"kb-adv-heading69_869c66-5c\">D\u00f3nde estamos<\/h1>\n\n\n\n<p>La direcci\u00f3n general del Centro de C\u00f3mputos se encuentra en el \u00faltimo piso de la Facultad de Ciencias Econ\u00f3micas, Jur\u00eddicas y Sociales.<\/p>\n\n\n<style>.kb-google-maps-container69_a1fad8-48{max-width:1250px;height:355px;margin-left:auto !important;margin-right:auto !important;}<\/style><div class=\"kb-google-maps-container kb-google-maps-container69_a1fad8-48  wp-block-kadence-googlemaps\" data-mapid=\"69_a1fad848\"><iframe width=\"100%\" height=\"100%\"\n\t\t\t\t\t\t\tstyle=\"border:0\" loading=\"lazy\"\n\t\t\t\t\t\t\tsrc=\"https:\/\/www.google.com\/maps\/embed\/v1\/place?key=AIzaSyBAM2o7PiQqwk15LC1XRH2e_KJ-jUa7KYk&#038;zoom=17&#038;maptype=roadmap&#038;q=Facultad+de+Ciencias+Econ%C3%B3micas%2C+Jur%C3%ADdicas%E2%80%A6\"\n\t\t\t\t\t\t\ttitle=\"Google map of Facultad de Ciencias Econ\u00f3micas, Jur\u00eddicas\u2026\"><\/iframe><\/div><script>function kb_google_map69_a1fad848() { let center = { lat: 37.8201, lng: -122.4781}; let map = new google.maps.Map(document.getElementById(\"kb-google-map69_a1fad848\"), {\n\t\t\t\t\t    zoom: 17,\n\t\t\t\t\t    center: center,});let marker = new google.maps.Marker({   position: { lat: 37.8201, lng: -122.4781},    map: map,  });}<\/script>\n\n<style>.wp-block-kadence-spacer.kt-block-spacer-69_e9374d-54 .kt-block-spacer{height:60px;}.wp-block-kadence-spacer.kt-block-spacer-69_e9374d-54 .kt-divider{border-top-width:1px;height:1px;border-top-color:#eee;width:80%;border-top-style:solid;}<\/style>\n<div class=\"wp-block-kadence-spacer aligncenter kt-block-spacer-69_e9374d-54\"><div class=\"kt-block-spacer kt-block-spacer-halign-center\"><hr class=\"kt-divider\"\/><\/div><\/div>\n\n\n<style>.wp-block-kadence-advancedbtn.kb-btns69_4d61ab-19{gap:var(--global-kb-gap-xs, 0.5rem );justify-content:center;align-items:center;}.kt-btns69_4d61ab-19 .kt-button{font-weight:normal;font-style:normal;}.kt-btns69_4d61ab-19 .kt-btn-wrap-0{margin-right:5px;}.wp-block-kadence-advancedbtn.kt-btns69_4d61ab-19 .kt-btn-wrap-0 .kt-button{color:#555555;border-color:#555555;}.wp-block-kadence-advancedbtn.kt-btns69_4d61ab-19 .kt-btn-wrap-0 .kt-button:hover, .wp-block-kadence-advancedbtn.kt-btns69_4d61ab-19 .kt-btn-wrap-0 .kt-button:focus{color:#ffffff;border-color:#444444;}.wp-block-kadence-advancedbtn.kt-btns69_4d61ab-19 .kt-btn-wrap-0 .kt-button::before{display:none;}.wp-block-kadence-advancedbtn.kt-btns69_4d61ab-19 .kt-btn-wrap-0 .kt-button:hover, .wp-block-kadence-advancedbtn.kt-btns69_4d61ab-19 .kt-btn-wrap-0 .kt-button:focus{background:#444444;}<\/style>\n<div class=\"wp-block-kadence-advancedbtn kb-buttons-wrap kb-btns69_4d61ab-19\"><style>.wp-block-kadence-advancedbtn .kb-btn69_d9e64e-48.kb-button{background:#4070e9;font-size:var(--global-kb-font-size-lg, 2rem);}.wp-block-kadence-advancedbtn .kb-btn69_d9e64e-48.kb-button:hover, .wp-block-kadence-advancedbtn .kb-btn69_d9e64e-48.kb-button:focus{color:#ece8e8;background:#0c0968;}@media all and (max-width: 1024px){.kb-btn69_d9e64e-48.kb-button .kb-svg-icon-wrap{display:block;}}<\/style><a class=\"kb-button kt-button button kb-btn69_d9e64e-48 kt-btn-size-xlarge kt-btn-width-type-fixed kb-btn-global-fill kt-btn-has-text-true kt-btn-has-svg-true wp-block-kadence-singlebtn\" href=\"https:\/\/obras.unsa.edu.ar\/guia\/\" target=\"_blank\" rel=\"noreferrer noopener\"><span class=\"kb-svg-icon-wrap kb-svg-icon-fe_phone kt-btn-icon-side-left\"><svg viewBox=\"0 0 24 24\"  fill=\"none\" stroke=\"currentColor\" stroke-width=\"2\" stroke-linecap=\"round\" stroke-linejoin=\"round\" xmlns=\"http:\/\/www.w3.org\/2000\/svg\"  aria-hidden=\"true\"><path d=\"M22 16.92v3a2 2 0 0 1-2.18 2 19.79 19.79 0 0 1-8.63-3.07 19.5 19.5 0 0 1-6-6 19.79 19.79 0 0 1-3.07-8.67A2 2 0 0 1 4.11 2h3a2 2 0 0 1 2 1.72 12.84 12.84 0 0 0 .7 2.81 2 2 0 0 1-.45 2.11L8.09 9.91a16 16 0 0 0 6 6l1.27-1.27a2 2 0 0 1 2.11-.45 12.84 12.84 0 0 0 2.81.7A2 2 0 0 1 22 16.92z\"\/><\/svg><\/span><span class=\"kt-btn-inner-text\"><strong>Gu\u00eda de Tel\u00e9fonos &#8211; UNSa<\/strong><\/span><\/a><\/div>\n","protected":false},"excerpt":{"rendered":"<p>D\u00f3nde estamos La direcci\u00f3n general del Centro de C\u00f3mputos se encuentra en el \u00faltimo piso de la Facultad de Ciencias Econ\u00f3micas, Jur\u00eddicas y Sociales.<\/p>\n","protected":false},"author":1,"featured_media":0,"parent":8,"menu_order":0,"comment_status":"closed","ping_status":"closed","template":"","meta":{"_kadence_starter_templates_imported_post":false,"_kad_post_transparent":"","_kad_post_title":"","_kad_post_layout":"","_kad_post_sidebar_id":"","_kad_post_content_style":"","_kad_post_vertical_padding":"","_kad_post_feature":"","_kad_post_feature_position":"","_kad_post_header":false,"_kad_post_footer":false,"footnotes":""},"_links":{"self":[{"href":"http:\/\/portalcdc.unsa.edu.ar\/index.php?rest_route=\/wp\/v2\/pages\/69"}],"collection":[{"href":"http:\/\/portalcdc.unsa.edu.ar\/index.php?rest_route=\/wp\/v2\/pages"}],"about":[{"href":"http:\/\/portalcdc.unsa.edu.ar\/index.php?rest_route=\/wp\/v2\/types\/page"}],"author":[{"embeddable":true,"href":"http:\/\/portalcdc.unsa.edu.ar\/index.php?rest_route=\/wp\/v2\/users\/1"}],"replies":[{"embeddable":true,"href":"http:\/\/portalcdc.unsa.edu.ar\/index.php?rest_route=%2Fwp%2Fv2%2Fcomments&post=69"}],"version-history":[{"count":26,"href":"http:\/\/portalcdc.unsa.edu.ar\/index.php?rest_route=\/wp\/v2\/pages\/69\/revisions"}],"predecessor-version":[{"id":1328,"href":"http:\/\/portalcdc.unsa.edu.ar\/index.php?rest_route=\/wp\/v2\/pages\/69\/revisions\/1328"}],"up":[{"embeddable":true,"href":"http:\/\/portalcdc.unsa.edu.ar\/index.php?rest_route=\/wp\/v2\/pages\/8"}],"wp:attachment":[{"href":"http:\/\/portalcdc.unsa.edu.ar\/index.php?rest_route=%2Fwp%2Fv2%2Fmedia&parent=69"}],"curies":[{"name":"wp","href":"https:\/\/api.w.org\/{rel}","templated":true}]}}