{"id":77,"date":"2023-09-22T08:27:12","date_gmt":"2023-09-22T11:27:12","guid":{"rendered":"https:\/\/prueba0143.wordpress.com\/?page_id=77"},"modified":"2024-09-09T11:40:09","modified_gmt":"2024-09-09T14:40:09","slug":"siu-guarani","status":"publish","type":"page","link":"http:\/\/portalcdc.unsa.edu.ar\/?page_id=77","title":{"rendered":"SIU Guaran\u00ed"},"content":{"rendered":"<style>.kb-image77_740a41-dd .kb-image-has-overlay:after{opacity:0.3;}<\/style>\n<div class=\"wp-block-kadence-image kb-image77_740a41-dd\"><figure class=\"aligncenter size-full\"><img decoding=\"async\" loading=\"lazy\" width=\"595\" height=\"150\" src=\"http:\/\/portalcdc.unsa.edu.ar\/wp-content\/uploads\/2023\/09\/logo_guarani_alta.png\" alt=\"\" class=\"kb-img wp-image-66\"\/><\/figure><\/div>\n\n\n\n<p>SIU &#8211; Guaran\u00ed fue desarrollado para registrar las actividades de la gesti\u00f3n acad\u00e9mica dentro de la universidad. Es una herramienta que contempla el nuevo paradigma educativo -en el que los avances tecnol\u00f3gicos cobran cada vez mayor protagonismo al interior de las universidades-, por eso se destaca su flexibilidad para adaptarse a esta nueva realidad que afecta a todos los miembros de la Comunidad, adem\u00e1s de contar con un dise\u00f1o responsivo que le permite ser navegado en cualquier momento y lugar a trav\u00e9s de cualquier dispositivo con conexi\u00f3n a internet.<\/p>\n\n\n<style>.wp-block-kadence-advancedheading.kt-adv-heading77_941308-a7, .wp-block-kadence-advancedheading.kt-adv-heading77_941308-a7[data-kb-block=\"kb-adv-heading77_941308-a7\"]{font-style:normal;}.wp-block-kadence-advancedheading.kt-adv-heading77_941308-a7 mark.kt-highlight, .wp-block-kadence-advancedheading.kt-adv-heading77_941308-a7[data-kb-block=\"kb-adv-heading77_941308-a7\"] mark.kt-highlight{font-style:normal;color:#f76a0c;padding-top:0px;padding-right:0px;padding-bottom:0px;padding-left:0px;}<\/style>\n<h3 class=\"kt-adv-heading77_941308-a7 wp-block-kadence-advancedheading\" data-kb-block=\"kb-adv-heading77_941308-a7\">Aqu\u00ed podr\u00e1 ingresar al m\u00f3dulo gesti\u00f3n: <\/h3>\n\n\n<style>.wp-block-kadence-advancedbtn.kb-btns77_9bead7-9f{gap:var(--global-kb-gap-xs, 0.5rem );justify-content:center;align-items:center;}.kt-btns77_9bead7-9f .kt-button{font-weight:normal;font-style:normal;}.kt-btns77_9bead7-9f .kt-btn-wrap-0{margin-right:5px;}.wp-block-kadence-advancedbtn.kt-btns77_9bead7-9f .kt-btn-wrap-0 .kt-button{color:#555555;border-color:#555555;}.wp-block-kadence-advancedbtn.kt-btns77_9bead7-9f .kt-btn-wrap-0 .kt-button:hover, .wp-block-kadence-advancedbtn.kt-btns77_9bead7-9f .kt-btn-wrap-0 .kt-button:focus{color:#ffffff;border-color:#444444;}.wp-block-kadence-advancedbtn.kt-btns77_9bead7-9f .kt-btn-wrap-0 .kt-button::before{display:none;}.wp-block-kadence-advancedbtn.kt-btns77_9bead7-9f .kt-btn-wrap-0 .kt-button:hover, .wp-block-kadence-advancedbtn.kt-btns77_9bead7-9f .kt-btn-wrap-0 .kt-button:focus{background:#444444;}<\/style>\n<div class=\"wp-block-kadence-advancedbtn kb-buttons-wrap kb-btns77_9bead7-9f\"><style>ul.menu .wp-block-kadence-advancedbtn .kb-btn77_acbc5e-91.kb-button{width:initial;}.wp-block-kadence-advancedbtn .kb-btn77_acbc5e-91.kb-button{background:#4070e9;font-size:var(--global-kb-font-size-md, 1.25rem);font-weight:bold;}.wp-block-kadence-advancedbtn .kb-btn77_acbc5e-91.kb-button:hover, .wp-block-kadence-advancedbtn .kb-btn77_acbc5e-91.kb-button:focus{color:#ece8e8;background:#0c0968;}@media all and (max-width: 1024px){.kb-btn77_acbc5e-91.kb-button .kb-svg-icon-wrap{display:block;}}<\/style><a class=\"kb-button kt-button button kb-btn77_acbc5e-91 kt-btn-size-large kt-btn-width-type-auto kb-btn-global-fill kt-btn-has-text-true kt-btn-has-svg-false wp-block-kadence-singlebtn\" href=\"https:\/\/guarani3.unsa.edu.ar\/guarani\/gestion\/\" target=\"_blank\" rel=\"noreferrer noopener\"><span class=\"kt-btn-inner-text\">Gesti\u00f3n<\/span><\/a><\/div>\n\n\n<style>.wp-block-kadence-advancedheading.kt-adv-heading77_11c453-41, .wp-block-kadence-advancedheading.kt-adv-heading77_11c453-41[data-kb-block=\"kb-adv-heading77_11c453-41\"]{font-style:normal;}.wp-block-kadence-advancedheading.kt-adv-heading77_11c453-41 mark.kt-highlight, .wp-block-kadence-advancedheading.kt-adv-heading77_11c453-41[data-kb-block=\"kb-adv-heading77_11c453-41\"] mark.kt-highlight{font-style:normal;color:#f76a0c;padding-top:0px;padding-right:0px;padding-bottom:0px;padding-left:0px;}<\/style>\n<h3 class=\"kt-adv-heading77_11c453-41 wp-block-kadence-advancedheading\" data-kb-block=\"kb-adv-heading77_11c453-41\">Aqu\u00ed podr\u00e1 ingresar al m\u00f3dulo autogesti\u00f3n: <\/h3>\n\n\n<style>.wp-block-kadence-advancedbtn.kb-btns77_c4e27b-be{gap:var(--global-kb-gap-xs, 0.5rem );justify-content:center;align-items:center;}.kt-btns77_c4e27b-be .kt-button{font-weight:normal;font-style:normal;}.kt-btns77_c4e27b-be .kt-btn-wrap-0{margin-right:5px;}.wp-block-kadence-advancedbtn.kt-btns77_c4e27b-be .kt-btn-wrap-0 .kt-button{color:#555555;border-color:#555555;}.wp-block-kadence-advancedbtn.kt-btns77_c4e27b-be .kt-btn-wrap-0 .kt-button:hover, .wp-block-kadence-advancedbtn.kt-btns77_c4e27b-be .kt-btn-wrap-0 .kt-button:focus{color:#ffffff;border-color:#444444;}.wp-block-kadence-advancedbtn.kt-btns77_c4e27b-be .kt-btn-wrap-0 .kt-button::before{display:none;}.wp-block-kadence-advancedbtn.kt-btns77_c4e27b-be .kt-btn-wrap-0 .kt-button:hover, .wp-block-kadence-advancedbtn.kt-btns77_c4e27b-be .kt-btn-wrap-0 .kt-button:focus{background:#444444;}<\/style>\n<div class=\"wp-block-kadence-advancedbtn kb-buttons-wrap kb-btns77_c4e27b-be\"><style>ul.menu .wp-block-kadence-advancedbtn .kb-btn77_7e4b9d-af.kb-button{width:initial;}.wp-block-kadence-advancedbtn .kb-btn77_7e4b9d-af.kb-button{background:#4070e9;font-size:var(--global-kb-font-size-md, 1.25rem);font-weight:bold;}.wp-block-kadence-advancedbtn .kb-btn77_7e4b9d-af.kb-button:hover, .wp-block-kadence-advancedbtn .kb-btn77_7e4b9d-af.kb-button:focus{color:#ece8e8;background:#0c0968;}@media all and (max-width: 1024px){.kb-btn77_7e4b9d-af.kb-button .kb-svg-icon-wrap{display:block;}}<\/style><a class=\"kb-button kt-button button kb-btn77_7e4b9d-af kt-btn-size-large kt-btn-width-type-auto kb-btn-global-fill kt-btn-has-text-true kt-btn-has-svg-false wp-block-kadence-singlebtn\" href=\"https:\/\/autogestiong3.unsa.edu.ar\/autogestion\/\" target=\"_blank\" rel=\"noreferrer noopener\"><span class=\"kt-btn-inner-text\">Guaran\u00ed autogesti\u00f3n<\/span><\/a><\/div>\n\n\n<style>.wp-block-kadence-advancedheading.kt-adv-heading77_ecf7bf-a5, .wp-block-kadence-advancedheading.kt-adv-heading77_ecf7bf-a5[data-kb-block=\"kb-adv-heading77_ecf7bf-a5\"]{font-style:normal;}.wp-block-kadence-advancedheading.kt-adv-heading77_ecf7bf-a5 mark.kt-highlight, .wp-block-kadence-advancedheading.kt-adv-heading77_ecf7bf-a5[data-kb-block=\"kb-adv-heading77_ecf7bf-a5\"] mark.kt-highlight{font-style:normal;color:#f76a0c;padding-top:0px;padding-right:0px;padding-bottom:0px;padding-left:0px;}<\/style>\n<h3 class=\"kt-adv-heading77_ecf7bf-a5 wp-block-kadence-advancedheading\" data-kb-block=\"kb-adv-heading77_ecf7bf-a5\">SIU Guaran\u00ed m\u00f3dulo Preinscripci\u00f3n<\/h3>\n\n\n\n<p>Preinscripci\u00f3n es una de las tres interfaces del proyecto SIU-Guaran\u00ed 3. Funciona como un m\u00f3dulo &#8220;sat\u00e9lite&#8221; que registra las preinscripciones de aspirantes a las Propuestas Formativas ofrecidas por la Instituci\u00f3n. Durante ese proceso gestiona una serie de datos personales y censales que luego ser\u00e1n mantenidos por el M\u00f3dulo de Gesti\u00f3n Acad\u00e9mica.<\/p>\n\n\n\n<p>Esta interfaz cuenta con una base de datos propia en la que se registra la informaci\u00f3n de los aspirantes. Posee una conexi\u00f3n directa con la interfaz de Gesti\u00f3n para obtener datos de manera en l\u00ednea (por ejemplo, Propuestas disponibles, Ubicaciones, Per\u00edodos, etc\u00e9tera).<\/p>\n\n\n<style>.wp-block-kadence-advancedbtn.kb-btns77_6cfb3a-92{gap:var(--global-kb-gap-xs, 0.5rem );justify-content:center;align-items:center;}.kt-btns77_6cfb3a-92 .kt-button{font-weight:normal;font-style:normal;}.kt-btns77_6cfb3a-92 .kt-btn-wrap-0{margin-right:5px;}.wp-block-kadence-advancedbtn.kt-btns77_6cfb3a-92 .kt-btn-wrap-0 .kt-button{color:#555555;border-color:#555555;}.wp-block-kadence-advancedbtn.kt-btns77_6cfb3a-92 .kt-btn-wrap-0 .kt-button:hover, .wp-block-kadence-advancedbtn.kt-btns77_6cfb3a-92 .kt-btn-wrap-0 .kt-button:focus{color:#ffffff;border-color:#444444;}.wp-block-kadence-advancedbtn.kt-btns77_6cfb3a-92 .kt-btn-wrap-0 .kt-button::before{display:none;}.wp-block-kadence-advancedbtn.kt-btns77_6cfb3a-92 .kt-btn-wrap-0 .kt-button:hover, .wp-block-kadence-advancedbtn.kt-btns77_6cfb3a-92 .kt-btn-wrap-0 .kt-button:focus{background:#444444;}<\/style>\n<div class=\"wp-block-kadence-advancedbtn kb-buttons-wrap kb-btns77_6cfb3a-92\"><style>ul.menu .wp-block-kadence-advancedbtn .kb-btn77_144fd1-67.kb-button{width:initial;}.wp-block-kadence-advancedbtn .kb-btn77_144fd1-67.kb-button{background:#4070e9;font-size:var(--global-kb-font-size-md, 1.25rem);font-weight:bold;}.wp-block-kadence-advancedbtn .kb-btn77_144fd1-67.kb-button:hover, .wp-block-kadence-advancedbtn .kb-btn77_144fd1-67.kb-button:focus{color:#ece8e8;background:#0c0996;}@media all and (max-width: 1024px){.kb-btn77_144fd1-67.kb-button .kb-svg-icon-wrap{display:block;}}<\/style><a class=\"kb-button kt-button button kb-btn77_144fd1-67 kt-btn-size-large kt-btn-width-type-auto kb-btn-global-fill kt-btn-has-text-true kt-btn-has-svg-false wp-block-kadence-singlebtn\" href=\"https:\/\/preinscripcion.unsa.edu.ar\/preinscripcion\/?__o=\" target=\"_blank\" rel=\"noreferrer noopener\"><span class=\"kt-btn-inner-text\">Preinscripci\u00f3n<\/span><\/a><\/div>\n\n\n<style>.wp-block-kadence-advancedheading.kt-adv-heading77_aae6be-60, .wp-block-kadence-advancedheading.kt-adv-heading77_aae6be-60[data-kb-block=\"kb-adv-heading77_aae6be-60\"]{font-style:normal;}.wp-block-kadence-advancedheading.kt-adv-heading77_aae6be-60 mark.kt-highlight, .wp-block-kadence-advancedheading.kt-adv-heading77_aae6be-60[data-kb-block=\"kb-adv-heading77_aae6be-60\"] mark.kt-highlight{font-style:normal;color:#f76a0c;padding-top:0px;padding-right:0px;padding-bottom:0px;padding-left:0px;}<\/style>\n<h1 class=\"kt-adv-heading77_aae6be-60 wp-block-kadence-advancedheading\" data-kb-block=\"kb-adv-heading77_aae6be-60\">Descargas<\/h1>\n\n\n\n<div class=\"wp-block-file\"><a id=\"wp-block-file--media-ad91e6f0-6264-4278-8a62-cba20a608a51\" href=\"http:\/\/portalcdc.unsa.edu.ar\/wp-content\/uploads\/2023\/12\/gestion_10-10-07.zip\">Instalador SIU Guran\u00ed Gesti\u00f3n<\/a><a href=\"http:\/\/portalcdc.unsa.edu.ar\/wp-content\/uploads\/2023\/12\/gestion_10-10-07.zip\" class=\"wp-block-file__button wp-element-button\" download aria-describedby=\"wp-block-file--media-ad91e6f0-6264-4278-8a62-cba20a608a51\">Descarga<\/a><\/div>\n\n\n\n<div class=\"wp-block-file\"><a id=\"wp-block-file--media-9ba2ab78-54cc-4a7f-a5a0-70afefa8f74f\" href=\"http:\/\/portalcdc.unsa.edu.ar\/wp-content\/uploads\/2023\/12\/autogestion_10-10-07.zip\"><a href=\"http:\/\/cdc.unsa.edu.ar\/index.php?view=weblink&amp;catid=37%3Asiu-guarani&amp;id=8%3Aautogestion-v2052&amp;option=com_weblinks&amp;Itemid=61\">Instalador SIU-Guarani Autogestion v2.05.2<\/a><a href=\"http:\/\/portalcdc.unsa.edu.ar\/wp-content\/uploads\/2023\/12\/autogestion_10-10-07.zip\"><\/a><\/a><a href=\"http:\/\/portalcdc.unsa.edu.ar\/wp-content\/uploads\/2023\/12\/autogestion_10-10-07.zip\" class=\"wp-block-file__button wp-element-button\" download aria-describedby=\"wp-block-file--media-9ba2ab78-54cc-4a7f-a5a0-70afefa8f74f\">Descarga<\/a><\/div>\n\n\n\n<div class=\"wp-block-file\"><a id=\"wp-block-file--media-f0ba0329-3d95-4d73-ab85-32943bb0ffa1\" href=\"http:\/\/portalcdc.unsa.edu.ar\/wp-content\/uploads\/2023\/12\/parche_gestion_25-04-08.zip\"><a href=\"http:\/\/cdc.unsa.edu.ar\/index.php?view=weblink&amp;catid=37%3Asiu-guarani&amp;id=9%3Aparche-gestion-v2052-25-04-08&amp;option=com_weblinks&amp;Itemid=61\">Parche SIU-Guarani Gestion V2.05.2 25-04-08<\/a><\/a><a href=\"http:\/\/portalcdc.unsa.edu.ar\/wp-content\/uploads\/2023\/12\/parche_gestion_25-04-08.zip\" class=\"wp-block-file__button wp-element-button\" download aria-describedby=\"wp-block-file--media-f0ba0329-3d95-4d73-ab85-32943bb0ffa1\">Descarga<\/a><\/div>\n\n\n\n<div class=\"wp-block-file\"><a id=\"wp-block-file--media-ebac243e-9c1e-4f06-a851-5d009b7bd227\" href=\"http:\/\/portalcdc.unsa.edu.ar\/wp-content\/uploads\/2023\/12\/clienteinformix.zip\">Cliente Informix<\/a><a href=\"http:\/\/portalcdc.unsa.edu.ar\/wp-content\/uploads\/2023\/12\/clienteinformix.zip\" class=\"wp-block-file__button wp-element-button\" download aria-describedby=\"wp-block-file--media-ebac243e-9c1e-4f06-a851-5d009b7bd227\">Descarga<\/a><\/div>\n","protected":false},"excerpt":{"rendered":"<p>SIU &#8211; Guaran\u00ed fue desarrollado para registrar las actividades de la gesti\u00f3n acad\u00e9mica dentro de la universidad. Es una herramienta que contempla el nuevo paradigma educativo -en el que los&#8230;<\/p>\n","protected":false},"author":1,"featured_media":0,"parent":1243,"menu_order":0,"comment_status":"closed","ping_status":"closed","template":"","meta":{"_kadence_starter_templates_imported_post":false,"_kad_post_transparent":"","_kad_post_title":"","_kad_post_layout":"","_kad_post_sidebar_id":"","_kad_post_content_style":"","_kad_post_vertical_padding":"","_kad_post_feature":"","_kad_post_feature_position":"","_kad_post_header":false,"_kad_post_footer":false,"footnotes":""},"_links":{"self":[{"href":"http:\/\/portalcdc.unsa.edu.ar\/index.php?rest_route=\/wp\/v2\/pages\/77"}],"collection":[{"href":"http:\/\/portalcdc.unsa.edu.ar\/index.php?rest_route=\/wp\/v2\/pages"}],"about":[{"href":"http:\/\/portalcdc.unsa.edu.ar\/index.php?rest_route=\/wp\/v2\/types\/page"}],"author":[{"embeddable":true,"href":"http:\/\/portalcdc.unsa.edu.ar\/index.php?rest_route=\/wp\/v2\/users\/1"}],"replies":[{"embeddable":true,"href":"http:\/\/portalcdc.unsa.edu.ar\/index.php?rest_route=%2Fwp%2Fv2%2Fcomments&post=77"}],"version-history":[{"count":38,"href":"http:\/\/portalcdc.unsa.edu.ar\/index.php?rest_route=\/wp\/v2\/pages\/77\/revisions"}],"predecessor-version":[{"id":1432,"href":"http:\/\/portalcdc.unsa.edu.ar\/index.php?rest_route=\/wp\/v2\/pages\/77\/revisions\/1432"}],"up":[{"embeddable":true,"href":"http:\/\/portalcdc.unsa.edu.ar\/index.php?rest_route=\/wp\/v2\/pages\/1243"}],"wp:attachment":[{"href":"http:\/\/portalcdc.unsa.edu.ar\/index.php?rest_route=%2Fwp%2Fv2%2Fmedia&parent=77"}],"curies":[{"name":"wp","href":"https:\/\/api.w.org\/{rel}","templated":true}]}}