{"id":80,"date":"2023-09-22T08:27:20","date_gmt":"2023-09-22T11:27:20","guid":{"rendered":"https:\/\/prueba0143.wordpress.com\/?page_id=80"},"modified":"2024-09-19T09:19:38","modified_gmt":"2024-09-19T12:19:38","slug":"siu-pilaga","status":"publish","type":"page","link":"http:\/\/portalcdc.unsa.edu.ar\/?page_id=80","title":{"rendered":"SIU Pilag\u00e1"},"content":{"rendered":"\n<figure class=\"wp-block-image aligncenter size-full\"><img decoding=\"async\" loading=\"lazy\" width=\"1048\" height=\"320\" src=\"http:\/\/portalcdc.unsa.edu.ar\/wp-content\/uploads\/2023\/09\/pilaga.jpeg\" alt=\"\" class=\"wp-image-116\"\/><\/figure>\n\n\n\n<p>SIU-Pilag\u00e1 permite realizar en forma integrada la gesti\u00f3n de presupuesto, la ejecuci\u00f3n del gasto y de recaudaci\u00f3n. Al centralizar la informaci\u00f3n de los datos que carga cada dependencia, facilita a los usuarios el seguimiento integrado de los ingresos y gastos, adem\u00e1s de otorgar flexibilidad en el manejo de \u00e1reas y dependencias. Asimismo, el m\u00f3dulo brinda seguridad a trav\u00e9s de los controles de validaci\u00f3n -que facilitan la importaci\u00f3n de datos- y de los controles de gesti\u00f3n de fondos en los niveles directivos.<\/p>\n\n\n<style>.wp-block-kadence-advancedbtn.kb-btns80_849341-7d{gap:var(--global-kb-gap-xs, 0.5rem );justify-content:center;align-items:center;}.kt-btns80_849341-7d .kt-button{font-weight:normal;font-style:normal;}.kt-btns80_849341-7d .kt-btn-wrap-0{margin-right:5px;}.wp-block-kadence-advancedbtn.kt-btns80_849341-7d .kt-btn-wrap-0 .kt-button{color:#555555;border-color:#555555;}.wp-block-kadence-advancedbtn.kt-btns80_849341-7d .kt-btn-wrap-0 .kt-button:hover, .wp-block-kadence-advancedbtn.kt-btns80_849341-7d .kt-btn-wrap-0 .kt-button:focus{color:#ffffff;border-color:#444444;}.wp-block-kadence-advancedbtn.kt-btns80_849341-7d .kt-btn-wrap-0 .kt-button::before{display:none;}.wp-block-kadence-advancedbtn.kt-btns80_849341-7d .kt-btn-wrap-0 .kt-button:hover, .wp-block-kadence-advancedbtn.kt-btns80_849341-7d .kt-btn-wrap-0 .kt-button:focus{background:#444444;}<\/style>\n<div class=\"wp-block-kadence-advancedbtn kb-buttons-wrap kb-btns80_849341-7d\"><style>.wp-block-kadence-advancedbtn .kb-btn80_c0b3a2-7c.kb-button{background:#4070e9;font-size:var(--global-kb-font-size-md, 1.25rem);text-transform:none;}.wp-block-kadence-advancedbtn .kb-btn80_c0b3a2-7c.kb-button:hover, .wp-block-kadence-advancedbtn .kb-btn80_c0b3a2-7c.kb-button:focus{color:#ece8e8;background:#0c0968;}@media all and (max-width: 1024px){.kb-btn80_c0b3a2-7c.kb-button .kb-svg-icon-wrap{display:block;}}<\/style><a class=\"kb-button kt-button button kb-btn80_c0b3a2-7c kt-btn-size-large kt-btn-width-type-fixed kb-btn-global-fill kt-btn-has-text-true kt-btn-has-svg-false wp-block-kadence-singlebtn\" href=\"https:\/\/pilaga.unsa.edu.ar\/siu\/pilaga\/\" target=\"_blank\" rel=\"noreferrer noopener\"><span class=\"kt-btn-inner-text\">SIU Pilag\u00e1 &#8211; PRODUCCI\u00d3N<\/span><\/a>\n\n<style>.wp-block-kadence-advancedbtn .kb-btn80_e8acc7-9b.kb-button{background:#4070e9;font-size:var(--global-kb-font-size-md, 1.25rem);text-transform:none;}.wp-block-kadence-advancedbtn .kb-btn80_e8acc7-9b.kb-button:hover, .wp-block-kadence-advancedbtn .kb-btn80_e8acc7-9b.kb-button:focus{color:#ece8e8;background:#0c0968;}@media all and (max-width: 1024px){.kb-btn80_e8acc7-9b.kb-button .kb-svg-icon-wrap{display:block;}}<\/style><a class=\"kb-button kt-button button kb-btn80_e8acc7-9b kt-btn-size-large kt-btn-width-type-fixed kb-btn-global-fill kt-btn-has-text-true kt-btn-has-svg-false wp-block-kadence-singlebtn\" href=\"https:\/\/pilaga2.unsa.edu.ar\/siu\/pilaga_prueba\/\" target=\"_blank\" rel=\"noreferrer noopener\"><span class=\"kt-btn-inner-text\">SIU Pilag\u00e1 &#8211; Pruebas<\/span><\/a>\n\n<style>.wp-block-kadence-advancedbtn .kb-btn80_079133-26.kb-button{background:#4070e9;font-size:var(--global-kb-font-size-md, 1.25rem);text-transform:none;}.wp-block-kadence-advancedbtn .kb-btn80_079133-26.kb-button:hover, .wp-block-kadence-advancedbtn .kb-btn80_079133-26.kb-button:focus{color:#ece8e8;background:#0c0968;}@media all and (max-width: 1024px){.kb-btn80_079133-26.kb-button .kb-svg-icon-wrap{display:block;}}<\/style><a class=\"kb-button kt-button button kb-btn80_079133-26 kt-btn-size-large kt-btn-width-type-fixed kb-btn-global-fill kt-btn-has-text-true kt-btn-has-svg-false wp-block-kadence-singlebtn\" href=\"https:\/\/pilaga2.unsa.edu.ar\/siu\/pilaga_historicos\/\" target=\"_blank\" rel=\"noreferrer noopener\"><span class=\"kt-btn-inner-text\">SIU Pilag\u00e1 &#8211; EJERCICIOS HISTORICOS<\/span><\/a><\/div>\n\n\n\n<p>Debido a la implementaci\u00f3n generalizada en el \u00e1mbito de esta Universidad del Sistema de Expediente Electr\u00f3nico SUDOCU, informamos que toda solicitud de cambios en usuarios del Sistema SIU-Pilaga, se realizar\u00e1 a trav\u00e9s de tr\u00e1mites generados por medio de este sistema \u00fanicamente. Esta solicitud debe ser realizada o bien AUTORIZADA por la autoridad superior (Director General Administrativo o equivalente)<\/p>\n\n\n<style>.wp-block-kadence-advancedbtn.kb-btns80_3227f5-80{gap:var(--global-kb-gap-xs, 0.5rem );justify-content:center;align-items:center;}.kt-btns80_3227f5-80 .kt-button{font-weight:normal;font-style:normal;}.kt-btns80_3227f5-80 .kt-btn-wrap-0{margin-right:5px;}.wp-block-kadence-advancedbtn.kt-btns80_3227f5-80 .kt-btn-wrap-0 .kt-button{color:#555555;border-color:#555555;}.wp-block-kadence-advancedbtn.kt-btns80_3227f5-80 .kt-btn-wrap-0 .kt-button:hover, .wp-block-kadence-advancedbtn.kt-btns80_3227f5-80 .kt-btn-wrap-0 .kt-button:focus{color:#ffffff;border-color:#444444;}.wp-block-kadence-advancedbtn.kt-btns80_3227f5-80 .kt-btn-wrap-0 .kt-button::before{display:none;}.wp-block-kadence-advancedbtn.kt-btns80_3227f5-80 .kt-btn-wrap-0 .kt-button:hover, .wp-block-kadence-advancedbtn.kt-btns80_3227f5-80 .kt-btn-wrap-0 .kt-button:focus{background:#444444;}<\/style>\n<div class=\"wp-block-kadence-advancedbtn kb-buttons-wrap kb-btns80_3227f5-80\"><style>.wp-block-kadence-advancedbtn .kb-btn80_654687-13.kb-button{font-size:var(--global-kb-font-size-md, 1.25rem);text-transform:none;}@media all and (max-width: 1024px){.kb-btn80_654687-13.kb-button .kb-svg-icon-wrap{display:block;}}<\/style><a class=\"kb-button kt-button button kb-btn80_654687-13 kt-btn-size-large kt-btn-width-type-fixed kb-btn-global-fill kt-btn-has-text-true kt-btn-has-svg-false wp-block-kadence-singlebtn\" href=\"https:\/\/drive.google.com\/file\/d\/1BFVpPsOXw-2vcV08bCGttF3G0WiS0-c7\/view?usp=sharing\" target=\"_blank\" rel=\"noreferrer noopener\"><span class=\"kt-btn-inner-text\">Solicitud de usuarios<\/span><\/a><\/div>\n","protected":false},"excerpt":{"rendered":"<p>SIU-Pilag\u00e1 permite realizar en forma integrada la gesti\u00f3n de presupuesto, la ejecuci\u00f3n del gasto y de recaudaci\u00f3n. Al centralizar la informaci\u00f3n de los datos que carga cada dependencia, facilita a&#8230;<\/p>\n","protected":false},"author":1,"featured_media":0,"parent":1240,"menu_order":0,"comment_status":"closed","ping_status":"closed","template":"","meta":{"_kadence_starter_templates_imported_post":false,"_kad_post_transparent":"","_kad_post_title":"","_kad_post_layout":"","_kad_post_sidebar_id":"","_kad_post_content_style":"","_kad_post_vertical_padding":"","_kad_post_feature":"","_kad_post_feature_position":"","_kad_post_header":false,"_kad_post_footer":false,"footnotes":""},"_links":{"self":[{"href":"http:\/\/portalcdc.unsa.edu.ar\/index.php?rest_route=\/wp\/v2\/pages\/80"}],"collection":[{"href":"http:\/\/portalcdc.unsa.edu.ar\/index.php?rest_route=\/wp\/v2\/pages"}],"about":[{"href":"http:\/\/portalcdc.unsa.edu.ar\/index.php?rest_route=\/wp\/v2\/types\/page"}],"author":[{"embeddable":true,"href":"http:\/\/portalcdc.unsa.edu.ar\/index.php?rest_route=\/wp\/v2\/users\/1"}],"replies":[{"embeddable":true,"href":"http:\/\/portalcdc.unsa.edu.ar\/index.php?rest_route=%2Fwp%2Fv2%2Fcomments&post=80"}],"version-history":[{"count":9,"href":"http:\/\/portalcdc.unsa.edu.ar\/index.php?rest_route=\/wp\/v2\/pages\/80\/revisions"}],"predecessor-version":[{"id":1447,"href":"http:\/\/portalcdc.unsa.edu.ar\/index.php?rest_route=\/wp\/v2\/pages\/80\/revisions\/1447"}],"up":[{"embeddable":true,"href":"http:\/\/portalcdc.unsa.edu.ar\/index.php?rest_route=\/wp\/v2\/pages\/1240"}],"wp:attachment":[{"href":"http:\/\/portalcdc.unsa.edu.ar\/index.php?rest_route=%2Fwp%2Fv2%2Fmedia&parent=80"}],"curies":[{"name":"wp","href":"https:\/\/api.w.org\/{rel}","templated":true}]}}