{"id":81,"date":"2023-09-22T08:27:24","date_gmt":"2023-09-22T11:27:24","guid":{"rendered":"https:\/\/prueba0143.wordpress.com\/?page_id=81"},"modified":"2024-03-04T10:56:14","modified_gmt":"2024-03-04T13:56:14","slug":"siu-mapuche","status":"publish","type":"page","link":"http:\/\/portalcdc.unsa.edu.ar\/?page_id=81","title":{"rendered":"SIU Mapuche"},"content":{"rendered":"<style>.kb-image81_5b89cf-66.kb-image-is-ratio-size, .kb-image81_5b89cf-66 .kb-image-is-ratio-size{max-width:514px;width:100%;}.wp-block-kadence-column > .kt-inside-inner-col > .kb-image81_5b89cf-66.kb-image-is-ratio-size, .wp-block-kadence-column > .kt-inside-inner-col > .kb-image81_5b89cf-66 .kb-image-is-ratio-size{align-self:unset;}.kb-image81_5b89cf-66 figure{max-width:514px;}.kb-image81_5b89cf-66 .image-is-svg, .kb-image81_5b89cf-66 .image-is-svg img{width:100%;}.kb-image81_5b89cf-66 .kb-image-has-overlay:after{opacity:0.3;}<\/style>\n<div class=\"wp-block-kadence-image kb-image81_5b89cf-66\"><figure class=\"aligncenter size-full\"><img decoding=\"async\" loading=\"lazy\" width=\"500\" height=\"170\" src=\"http:\/\/portalcdc.unsa.edu.ar\/wp-content\/uploads\/2023\/12\/mapuche.png\" alt=\"\" class=\"kb-img wp-image-1052\" srcset=\"http:\/\/portalcdc.unsa.edu.ar\/wp-content\/uploads\/2023\/12\/mapuche.png 500w, http:\/\/portalcdc.unsa.edu.ar\/wp-content\/uploads\/2023\/12\/mapuche-300x102.png 300w, http:\/\/portalcdc.unsa.edu.ar\/wp-content\/uploads\/2023\/12\/mapuche-150x51.png 150w\" sizes=\"(max-width: 500px) 100vw, 500px\" \/><\/figure><\/div>\n\n\n\n<p>SIU-Mapuche recoge toda la informaci\u00f3n de los RRHH de una instituci\u00f3n en un Legajo Electr\u00f3nico \u00danico (sistema integrado), est\u00e1 dise\u00f1ado para brindar al operador -ya sea al trabajador del \u00e1rea o al encargado de liquidaciones- todos los servicios necesarios para disminuir las posibilidades de error y hacer m\u00e1s sencillo su trabajo, teniendo en cuenta los cambios en la legislaci\u00f3n laboral vigente.<\/p>\n\n\n<style>.wp-block-kadence-advancedbtn.kb-btns81_490152-7c{gap:var(--global-kb-gap-xs, 0.5rem );justify-content:center;align-items:center;}.kt-btns81_490152-7c .kt-button{font-weight:normal;font-style:normal;}.kt-btns81_490152-7c .kt-btn-wrap-0{margin-right:5px;}.wp-block-kadence-advancedbtn.kt-btns81_490152-7c .kt-btn-wrap-0 .kt-button{color:#555555;border-color:#555555;}.wp-block-kadence-advancedbtn.kt-btns81_490152-7c .kt-btn-wrap-0 .kt-button:hover, .wp-block-kadence-advancedbtn.kt-btns81_490152-7c .kt-btn-wrap-0 .kt-button:focus{color:#ffffff;border-color:#444444;}.wp-block-kadence-advancedbtn.kt-btns81_490152-7c .kt-btn-wrap-0 .kt-button::before{display:none;}.wp-block-kadence-advancedbtn.kt-btns81_490152-7c .kt-btn-wrap-0 .kt-button:hover, .wp-block-kadence-advancedbtn.kt-btns81_490152-7c .kt-btn-wrap-0 .kt-button:focus{background:#444444;}<\/style>\n<div class=\"wp-block-kadence-advancedbtn kb-buttons-wrap kb-btns81_490152-7c\"><style>ul.menu .wp-block-kadence-advancedbtn .kb-btn81_2c9a28-2d.kb-button{width:initial;}.wp-block-kadence-advancedbtn .kb-btn81_2c9a28-2d.kb-button{background:#4070e9;font-size:var(--global-kb-font-size-md, 1.25rem);text-transform:none;}.wp-block-kadence-advancedbtn .kb-btn81_2c9a28-2d.kb-button:hover, .wp-block-kadence-advancedbtn .kb-btn81_2c9a28-2d.kb-button:focus{color:#ece8e8;background:#0c0968;}@media all and (max-width: 1024px){.kb-btn81_2c9a28-2d.kb-button .kb-svg-icon-wrap{display:block;}}<\/style><a class=\"kb-button kt-button button kb-btn81_2c9a28-2d kt-btn-size-standard kt-btn-width-type-auto kb-btn-global-fill kt-btn-has-text-true kt-btn-has-svg-false wp-block-kadence-singlebtn\" href=\"https:\/\/mapuche.unsa.edu.ar\/siu\/mapuche\/\" target=\"_blank\" rel=\"noreferrer noopener\"><span class=\"kt-btn-inner-text\">SIU Mapuche<\/span><\/a>\n\n<style>ul.menu .wp-block-kadence-advancedbtn .kb-btn81_b90b03-e2.kb-button{width:initial;}.wp-block-kadence-advancedbtn .kb-btn81_b90b03-e2.kb-button{background:#4070e9;font-size:var(--global-kb-font-size-md, 1.25rem);text-transform:none;}.wp-block-kadence-advancedbtn .kb-btn81_b90b03-e2.kb-button:hover, .wp-block-kadence-advancedbtn .kb-btn81_b90b03-e2.kb-button:focus{color:#ece8e8;background:#0c0968;}@media all and (max-width: 1024px){.kb-btn81_b90b03-e2.kb-button .kb-svg-icon-wrap{display:block;}}<\/style><a class=\"kb-button kt-button button kb-btn81_b90b03-e2 kt-btn-size-standard kt-btn-width-type-auto kb-btn-global-fill kt-btn-has-text-true kt-btn-has-svg-false wp-block-kadence-singlebtn\" href=\"https:\/\/mapuche2.unsa.edu.ar\/siu\/mapuche\/\" target=\"_blank\" rel=\"noreferrer noopener\"><span class=\"kt-btn-inner-text\">SIU Mapuche Pruebas<\/span><\/a><\/div>\n","protected":false},"excerpt":{"rendered":"<p>SIU-Mapuche recoge toda la informaci\u00f3n de los RRHH de una instituci\u00f3n en un Legajo Electr\u00f3nico \u00danico (sistema integrado), est\u00e1 dise\u00f1ado para brindar al operador -ya sea al trabajador del \u00e1rea&#8230;<\/p>\n","protected":false},"author":1,"featured_media":0,"parent":1256,"menu_order":0,"comment_status":"closed","ping_status":"closed","template":"","meta":{"_kadence_starter_templates_imported_post":false,"_kad_post_transparent":"","_kad_post_title":"","_kad_post_layout":"","_kad_post_sidebar_id":"","_kad_post_content_style":"","_kad_post_vertical_padding":"","_kad_post_feature":"","_kad_post_feature_position":"","_kad_post_header":false,"_kad_post_footer":false,"footnotes":""},"_links":{"self":[{"href":"http:\/\/portalcdc.unsa.edu.ar\/index.php?rest_route=\/wp\/v2\/pages\/81"}],"collection":[{"href":"http:\/\/portalcdc.unsa.edu.ar\/index.php?rest_route=\/wp\/v2\/pages"}],"about":[{"href":"http:\/\/portalcdc.unsa.edu.ar\/index.php?rest_route=\/wp\/v2\/types\/page"}],"author":[{"embeddable":true,"href":"http:\/\/portalcdc.unsa.edu.ar\/index.php?rest_route=\/wp\/v2\/users\/1"}],"replies":[{"embeddable":true,"href":"http:\/\/portalcdc.unsa.edu.ar\/index.php?rest_route=%2Fwp%2Fv2%2Fcomments&post=81"}],"version-history":[{"count":10,"href":"http:\/\/portalcdc.unsa.edu.ar\/index.php?rest_route=\/wp\/v2\/pages\/81\/revisions"}],"predecessor-version":[{"id":1072,"href":"http:\/\/portalcdc.unsa.edu.ar\/index.php?rest_route=\/wp\/v2\/pages\/81\/revisions\/1072"}],"up":[{"embeddable":true,"href":"http:\/\/portalcdc.unsa.edu.ar\/index.php?rest_route=\/wp\/v2\/pages\/1256"}],"wp:attachment":[{"href":"http:\/\/portalcdc.unsa.edu.ar\/index.php?rest_route=%2Fwp%2Fv2%2Fmedia&parent=81"}],"curies":[{"name":"wp","href":"https:\/\/api.w.org\/{rel}","templated":true}]}}