{"id":83,"date":"2023-09-22T08:27:31","date_gmt":"2023-09-22T11:27:31","guid":{"rendered":"https:\/\/prueba0143.wordpress.com\/?page_id=83"},"modified":"2026-04-01T04:36:49","modified_gmt":"2026-04-01T07:36:49","slug":"sabum","status":"publish","type":"page","link":"http:\/\/portalcdc.unsa.edu.ar\/?page_id=83","title":{"rendered":"SABUM"},"content":{"rendered":"<style>.wp-block-kadence-advancedheading.kt-adv-heading83_27ed37-e0, .wp-block-kadence-advancedheading.kt-adv-heading83_27ed37-e0[data-kb-block=\"kb-adv-heading83_27ed37-e0\"]{font-size:var(--global-kb-font-size-xl, 3rem);font-style:normal;}.wp-block-kadence-advancedheading.kt-adv-heading83_27ed37-e0 mark.kt-highlight, .wp-block-kadence-advancedheading.kt-adv-heading83_27ed37-e0[data-kb-block=\"kb-adv-heading83_27ed37-e0\"] mark.kt-highlight{font-style:normal;color:#f76a0c;padding-top:0px;padding-right:0px;padding-bottom:0px;padding-left:0px;}<\/style>\n<h1 class=\"kt-adv-heading83_27ed37-e0 wp-block-kadence-advancedheading\" data-kb-block=\"kb-adv-heading83_27ed37-e0\">SABUM<\/h1>\n\n\n\n<p>El Sistema <strong>SABUM<\/strong> (Sistema de Administraci\u00f3n de Bienes \u00datiles y Muebles) es una aplicaci\u00f3n cliente-servidor que permite registrar la informaci\u00f3n relacionada con los bienes de uso de la Universidad Nacional de Salta.<br>Como caracter\u00edstica fundamental el mismo permite registrar en forma ordenada y detallada los bienes con que cuentan las dependencias.<br>Cada bien se registra con un n\u00famero de inventario generado por el sistema, que lo identifica como \u00fanico, mediante un c\u00f3digo de barras que facilita su relevamiento.<br>El sistema busca actualizar la tecnolog\u00eda de registraci\u00f3n y solucionar las situaciones de interactividad eficiente para el usuario, <a href=\"https:\/\/www.superclonewatches.io\">https:\/\/www.superclonewatches.io<\/a> Este sistema fue adoptado, Mejora eficazmente la eficiencia del registro de nuevos usuarios en el sitio web de SupercloneWatches, especialmente el registro desde dispositivos m\u00f3viles, y tambi\u00e9n optimiza el inventario del sitio web.<\/p>\n\n\n\n<div class=\"wp-block-media-text has-media-on-the-right is-stacked-on-mobile\" style=\"grid-template-columns:auto 24%\"><div class=\"wp-block-media-text__content\"><style>.wp-block-kadence-advancedbtn.kb-btns83_60ffb4-49{gap:var(--global-kb-gap-xs, 0.5rem );justify-content:center;align-items:center;}.kt-btns83_60ffb4-49 .kt-button{font-weight:normal;font-style:normal;}.kt-btns83_60ffb4-49 .kt-btn-wrap-0{margin-right:5px;}.wp-block-kadence-advancedbtn.kt-btns83_60ffb4-49 .kt-btn-wrap-0 .kt-button{color:#555555;border-color:#555555;}.wp-block-kadence-advancedbtn.kt-btns83_60ffb4-49 .kt-btn-wrap-0 .kt-button:hover, .wp-block-kadence-advancedbtn.kt-btns83_60ffb4-49 .kt-btn-wrap-0 .kt-button:focus{color:#ffffff;border-color:#444444;}.wp-block-kadence-advancedbtn.kt-btns83_60ffb4-49 .kt-btn-wrap-0 .kt-button::before{display:none;}.wp-block-kadence-advancedbtn.kt-btns83_60ffb4-49 .kt-btn-wrap-0 .kt-button:hover, .wp-block-kadence-advancedbtn.kt-btns83_60ffb4-49 .kt-btn-wrap-0 .kt-button:focus{background:#444444;}<\/style>\n<div class=\"wp-block-kadence-advancedbtn kb-buttons-wrap kb-btns83_60ffb4-49\"><style>.wp-block-kadence-advancedbtn .kb-btn83_ed07b7-1c.kb-button{background:#4070e9;font-size:var(--global-kb-font-size-md, 1.25rem);}.wp-block-kadence-advancedbtn .kb-btn83_ed07b7-1c.kb-button:hover, .wp-block-kadence-advancedbtn .kb-btn83_ed07b7-1c.kb-button:focus{color:#ece8e8;background:#0c0968;}@media all and (max-width: 1024px){.kb-btn83_ed07b7-1c.kb-button .kb-svg-icon-wrap{display:block;}}<\/style><a class=\"kb-button kt-button button kb-btn83_ed07b7-1c kt-btn-size-large kt-btn-width-type-fixed kb-btn-global-fill kt-btn-has-text-true kt-btn-has-svg-false wp-block-kadence-singlebtn\" href=\"http:\/\/cdc.unsa.edu.ar\/sabumconsulta\/\" target=\"_blank\" rel=\"noreferrer noopener\"><span class=\"kt-btn-inner-text\">SABUM &#8211; CONSULTA<\/span><\/a><\/div>\n<\/div><figure class=\"wp-block-media-text__media\"><a href=\"http:\/\/cdc.unsa.edu.ar\/sabumconsulta\/\" target=\"_blank\" rel=\"noreferrer noopener\"><img decoding=\"async\" loading=\"lazy\" width=\"188\" height=\"174\" src=\"http:\/\/portalcdc.unsa.edu.ar\/wp-content\/uploads\/2023\/09\/sabum-bienes-patrimoniales.jpg\" alt=\"\" class=\"wp-image-176 size-full\"\/><\/a><\/figure><\/div>\n\n\n\n<div class=\"wp-block-media-text has-media-on-the-right is-stacked-on-mobile\" style=\"grid-template-columns:auto 24%\"><div class=\"wp-block-media-text__content\"><style>.wp-block-kadence-advancedbtn.kb-btns83_8254b3-d9{gap:var(--global-kb-gap-xs, 0.5rem );justify-content:center;align-items:center;}.kt-btns83_8254b3-d9 .kt-button{font-weight:normal;font-style:normal;}.kt-btns83_8254b3-d9 .kt-btn-wrap-0{margin-right:5px;}.wp-block-kadence-advancedbtn.kt-btns83_8254b3-d9 .kt-btn-wrap-0 .kt-button{color:#555555;border-color:#555555;}.wp-block-kadence-advancedbtn.kt-btns83_8254b3-d9 .kt-btn-wrap-0 .kt-button:hover, .wp-block-kadence-advancedbtn.kt-btns83_8254b3-d9 .kt-btn-wrap-0 .kt-button:focus{color:#ffffff;border-color:#444444;}.wp-block-kadence-advancedbtn.kt-btns83_8254b3-d9 .kt-btn-wrap-0 .kt-button::before{display:none;}.wp-block-kadence-advancedbtn.kt-btns83_8254b3-d9 .kt-btn-wrap-0 .kt-button:hover, .wp-block-kadence-advancedbtn.kt-btns83_8254b3-d9 .kt-btn-wrap-0 .kt-button:focus{background:#444444;}<\/style>\n<div class=\"wp-block-kadence-advancedbtn kb-buttons-wrap kb-btns83_8254b3-d9\"><style>.wp-block-kadence-advancedbtn .kb-btn83_39f5b6-8a.kb-button{background:#4070e9;font-size:var(--global-kb-font-size-md, 1.25rem);}.wp-block-kadence-advancedbtn .kb-btn83_39f5b6-8a.kb-button:hover, .wp-block-kadence-advancedbtn .kb-btn83_39f5b6-8a.kb-button:focus{color:#ece8e8;background:#0c0968;}@media all and (max-width: 1024px){.kb-btn83_39f5b6-8a.kb-button .kb-svg-icon-wrap{display:block;}}<\/style><a class=\"kb-button kt-button button kb-btn83_39f5b6-8a kt-btn-size-large kt-btn-width-type-fixed kb-btn-global-fill kt-btn-has-text-true kt-btn-has-svg-false wp-block-kadence-singlebtn\" href=\"http:\/\/cdc.unsa.edu.ar\/sabum\/\" target=\"_blank\" rel=\"noreferrer noopener\"><span class=\"kt-btn-inner-text\">SABUM &#8211; GESTI\u00d3N IMAGEN<\/span><\/a><\/div>\n<\/div><figure class=\"wp-block-media-text__media\"><a href=\"http:\/\/cdc.unsa.edu.ar\/sabum\/\" target=\"_blank\" rel=\"noreferrer noopener\"><img decoding=\"async\" loading=\"lazy\" width=\"281\" height=\"183\" src=\"http:\/\/portalcdc.unsa.edu.ar\/wp-content\/uploads\/2023\/10\/sabumingreso.gif\" alt=\"\" class=\"wp-image-234 size-full\"\/><\/a><\/figure><\/div>\n","protected":false},"excerpt":{"rendered":"<p>SABUM El Sistema SABUM (Sistema de Administraci\u00f3n de Bienes \u00datiles y Muebles) es una aplicaci\u00f3n cliente-servidor que permite registrar la informaci\u00f3n relacionada con los bienes de uso de la Universidad&#8230;<\/p>\n","protected":false},"author":1,"featured_media":0,"parent":1253,"menu_order":0,"comment_status":"closed","ping_status":"closed","template":"","meta":{"_kadence_starter_templates_imported_post":false,"_kad_post_transparent":"","_kad_post_title":"","_kad_post_layout":"","_kad_post_sidebar_id":"","_kad_post_content_style":"","_kad_post_vertical_padding":"","_kad_post_feature":"","_kad_post_feature_position":"","_kad_post_header":false,"_kad_post_footer":false,"footnotes":""},"_links":{"self":[{"href":"http:\/\/portalcdc.unsa.edu.ar\/index.php?rest_route=\/wp\/v2\/pages\/83"}],"collection":[{"href":"http:\/\/portalcdc.unsa.edu.ar\/index.php?rest_route=\/wp\/v2\/pages"}],"about":[{"href":"http:\/\/portalcdc.unsa.edu.ar\/index.php?rest_route=\/wp\/v2\/types\/page"}],"author":[{"embeddable":true,"href":"http:\/\/portalcdc.unsa.edu.ar\/index.php?rest_route=\/wp\/v2\/users\/1"}],"replies":[{"embeddable":true,"href":"http:\/\/portalcdc.unsa.edu.ar\/index.php?rest_route=%2Fwp%2Fv2%2Fcomments&post=83"}],"version-history":[{"count":14,"href":"http:\/\/portalcdc.unsa.edu.ar\/index.php?rest_route=\/wp\/v2\/pages\/83\/revisions"}],"predecessor-version":[{"id":1523,"href":"http:\/\/portalcdc.unsa.edu.ar\/index.php?rest_route=\/wp\/v2\/pages\/83\/revisions\/1523"}],"up":[{"embeddable":true,"href":"http:\/\/portalcdc.unsa.edu.ar\/index.php?rest_route=\/wp\/v2\/pages\/1253"}],"wp:attachment":[{"href":"http:\/\/portalcdc.unsa.edu.ar\/index.php?rest_route=%2Fwp%2Fv2%2Fmedia&parent=83"}],"curies":[{"name":"wp","href":"https:\/\/api.w.org\/{rel}","templated":true}]}}