{"id":84,"date":"2023-09-22T08:27:34","date_gmt":"2023-09-22T11:27:34","guid":{"rendered":"https:\/\/prueba0143.wordpress.com\/?page_id=84"},"modified":"2026-04-01T04:29:14","modified_gmt":"2026-04-01T07:29:14","slug":"becas","status":"publish","type":"page","link":"http:\/\/portalcdc.unsa.edu.ar\/?page_id=84","title":{"rendered":"Becas"},"content":{"rendered":"\n<figure class=\"wp-block-image size-full\"><img decoding=\"async\" loading=\"lazy\" width=\"2124\" height=\"479\" src=\"http:\/\/portalcdc.unsa.edu.ar\/wp-content\/uploads\/2023\/09\/becas.png\" alt=\"\" class=\"wp-image-158\"\/><\/figure>\n\n\n\n<p>Aqu\u00ed podr\u00e1n acceder a la p\u00e1gina de la Direcci\u00f3n de Becas, donde encontr\u00e1 detalladas los tipos de becas, los requisitos, documentaci\u00f3n a presentar, etc.<\/p>\n\n\n<style>.wp-block-kadence-advancedbtn.kb-btns84_c075f1-9a{gap:var(--global-kb-gap-xs, 0.5rem );justify-content:center;align-items:center;}.kt-btns84_c075f1-9a .kt-button{font-weight:normal;font-style:normal;}.kt-btns84_c075f1-9a .kt-btn-wrap-0{margin-right:5px;}.wp-block-kadence-advancedbtn.kt-btns84_c075f1-9a .kt-btn-wrap-0 .kt-button{color:#555555;border-color:#555555;}.wp-block-kadence-advancedbtn.kt-btns84_c075f1-9a .kt-btn-wrap-0 .kt-button:hover, .wp-block-kadence-advancedbtn.kt-btns84_c075f1-9a .kt-btn-wrap-0 .kt-button:focus{color:#ffffff;border-color:#444444;}.wp-block-kadence-advancedbtn.kt-btns84_c075f1-9a .kt-btn-wrap-0 .kt-button::before{display:none;}.wp-block-kadence-advancedbtn.kt-btns84_c075f1-9a .kt-btn-wrap-0 .kt-button:hover, .wp-block-kadence-advancedbtn.kt-btns84_c075f1-9a .kt-btn-wrap-0 .kt-button:focus{background:#444444;}<\/style>\n<div class=\"wp-block-kadence-advancedbtn kb-buttons-wrap kb-btns84_c075f1-9a\"><style>ul.menu .wp-block-kadence-advancedbtn .kb-btn84_988dac-e5.kb-button{width:initial;}.wp-block-kadence-advancedbtn .kb-btn84_988dac-e5.kb-button{background:#4070e9;font-size:var(--global-kb-font-size-md, 1.25rem);text-transform:none;}.wp-block-kadence-advancedbtn .kb-btn84_988dac-e5.kb-button:hover, .wp-block-kadence-advancedbtn .kb-btn84_988dac-e5.kb-button:focus{color:#ece8e8;background:#0c0968;}@media all and (max-width: 1024px){.kb-btn84_988dac-e5.kb-button .kb-svg-icon-wrap{display:block;}}<\/style><a class=\"kb-button kt-button button kb-btn84_988dac-e5 kt-btn-size-large kt-btn-width-type-auto kb-btn-global-fill kt-btn-has-text-true kt-btn-has-svg-false wp-block-kadence-singlebtn\" href=\"http:\/\/becas.unsa.edu.ar\" target=\"_blank\" rel=\"noreferrer noopener\"><span class=\"kt-btn-inner-text\">DIRECCI\u00d3N DE BECAS<\/span><\/a><\/div>\n\n\n\n<figure class=\"wp-block-image aligncenter size-full is-resized\"><img decoding=\"async\" loading=\"lazy\" width=\"667\" height=\"150\" src=\"http:\/\/portalcdc.unsa.edu.ar\/wp-content\/uploads\/2023\/09\/logo_tehuelche_alta.png\" alt=\"\" class=\"wp-image-165\"\/><\/figure>\n\n\n\n<p>SIU-Tehuelche es el m\u00f3dulo de gesti\u00f3n de becas.<\/p>\n\n\n\n<p>Permite crear y gestionar las convocatorias de becas de la Instituci\u00f3n, al trabajar en vinculaci\u00f3n con los m\u00f3dulos de gesti\u00f3n acad\u00e9mica SIU-Guaran\u00ed y de encuestas SIU-Kolla cuenta con un gran universo de datos de los postulantes, lo que posibilita generar evaluaciones y \u00f3rdenes de m\u00e9rito en base a ellos.&nbsp;<\/p>\n\n\n\n<p>Su interfaz gr\u00e1fica intuitiva y amigable y su f\u00e1cil administraci\u00f3n facilitan su implementaci\u00f3n; adem\u00e1s permite la administraci\u00f3n de convocatorias por perfil, por lo que cada unidad acad\u00e9mica puede gestionar sus becas de manera independiente incluso en instalaciones centralizadas.<\/p>\n\n\n<style>.wp-block-kadence-advancedbtn.kb-btns84_4d12bc-e4{gap:var(--global-kb-gap-xs, 0.5rem );justify-content:center;align-items:center;}.kt-btns84_4d12bc-e4 .kt-button{font-weight:normal;font-style:normal;}.kt-btns84_4d12bc-e4 .kt-btn-wrap-0{margin-right:5px;}.wp-block-kadence-advancedbtn.kt-btns84_4d12bc-e4 .kt-btn-wrap-0 .kt-button{color:#555555;border-color:#555555;}.wp-block-kadence-advancedbtn.kt-btns84_4d12bc-e4 .kt-btn-wrap-0 .kt-button:hover, .wp-block-kadence-advancedbtn.kt-btns84_4d12bc-e4 .kt-btn-wrap-0 .kt-button:focus{color:#ffffff;border-color:#444444;}.wp-block-kadence-advancedbtn.kt-btns84_4d12bc-e4 .kt-btn-wrap-0 .kt-button::before{display:none;}.wp-block-kadence-advancedbtn.kt-btns84_4d12bc-e4 .kt-btn-wrap-0 .kt-button:hover, .wp-block-kadence-advancedbtn.kt-btns84_4d12bc-e4 .kt-btn-wrap-0 .kt-button:focus{background:#444444;}<\/style>\n<div class=\"wp-block-kadence-advancedbtn kb-buttons-wrap kb-btns84_4d12bc-e4\"><style>ul.menu .wp-block-kadence-advancedbtn .kb-btn84_7a48c7-22.kb-button{width:initial;}.wp-block-kadence-advancedbtn .kb-btn84_7a48c7-22.kb-button{background:#4070e9;font-size:var(--global-kb-font-size-md, 1.25rem);}.wp-block-kadence-advancedbtn .kb-btn84_7a48c7-22.kb-button:hover, .wp-block-kadence-advancedbtn .kb-btn84_7a48c7-22.kb-button:focus{color:#ece8e8;background:#0c0968;}@media all and (max-width: 1024px){.kb-btn84_7a48c7-22.kb-button .kb-svg-icon-wrap{display:block;}}<\/style><a class=\"kb-button kt-button button kb-btn84_7a48c7-22 kt-btn-size-large kt-btn-width-type-auto kb-btn-global-fill kt-btn-has-text-true kt-btn-has-svg-false wp-block-kadence-singlebtn\" href=\"http:\/\/cdcsiu.unsa.edu.ar\/siu\/tehuelche\/\" target=\"_blank\" rel=\"noreferrer noopener\"><span class=\"kt-btn-inner-text\">SIU TEHUELCHE<\/span><\/a><\/div>\n\n\n\n<figure class=\"wp-block-image aligncenter size-full is-resized\"><img decoding=\"async\" loading=\"lazy\" src=\"http:\/\/portalcdc.unsa.edu.ar\/wp-content\/uploads\/2023\/09\/comedor.png\" alt=\"\" class=\"wp-image-170\" style=\"width:610px;height:184px\" width=\"610\" height=\"184\"\/><\/figure>\n\n\n\n<p>En esta p\u00e1gina se encuentra el sistema de reserva y baja de tickets del comedor, para quienes tienen el beneficio de Beca Comedor que brinda la universidad.<\/p>\n\n\n\n<p>Adem\u00e1s, hemos dise\u00f1ado un sistema de adquisici\u00f3n de cupones para Superclonerolex. Si le interesa, puede hacer clic aqu\u00ed: <a href=\"https:\/\/www.superclonerolex.si\">https:\/\/www.superclonerolex.si<\/a><\/p>\n\n\n<style>.wp-block-kadence-advancedbtn.kb-btns84_9e6fbc-7e{gap:var(--global-kb-gap-xs, 0.5rem );justify-content:center;align-items:center;}.kt-btns84_9e6fbc-7e .kt-button{font-weight:normal;font-style:normal;}.kt-btns84_9e6fbc-7e .kt-btn-wrap-0{margin-right:5px;}.wp-block-kadence-advancedbtn.kt-btns84_9e6fbc-7e .kt-btn-wrap-0 .kt-button{color:#555555;border-color:#555555;}.wp-block-kadence-advancedbtn.kt-btns84_9e6fbc-7e .kt-btn-wrap-0 .kt-button:hover, .wp-block-kadence-advancedbtn.kt-btns84_9e6fbc-7e .kt-btn-wrap-0 .kt-button:focus{color:#ffffff;border-color:#444444;}.wp-block-kadence-advancedbtn.kt-btns84_9e6fbc-7e .kt-btn-wrap-0 .kt-button::before{display:none;}.wp-block-kadence-advancedbtn.kt-btns84_9e6fbc-7e .kt-btn-wrap-0 .kt-button:hover, .wp-block-kadence-advancedbtn.kt-btns84_9e6fbc-7e .kt-btn-wrap-0 .kt-button:focus{background:#444444;}<\/style>\n<div class=\"wp-block-kadence-advancedbtn kb-buttons-wrap kb-btns84_9e6fbc-7e\"><style>ul.menu .wp-block-kadence-advancedbtn .kb-btn84_20900d-ec.kb-button{width:initial;}.wp-block-kadence-advancedbtn .kb-btn84_20900d-ec.kb-button{background:#4070e9;font-size:var(--global-kb-font-size-md, 1.25rem);}.wp-block-kadence-advancedbtn .kb-btn84_20900d-ec.kb-button:hover, .wp-block-kadence-advancedbtn .kb-btn84_20900d-ec.kb-button:focus{color:#ece8e8;background:#0c0968;}@media all and (max-width: 1024px){.kb-btn84_20900d-ec.kb-button .kb-svg-icon-wrap{display:block;}}<\/style><a class=\"kb-button kt-button button kb-btn84_20900d-ec kt-btn-size-large kt-btn-width-type-auto kb-btn-global-fill kt-btn-has-text-true kt-btn-has-svg-false wp-block-kadence-singlebtn\" href=\"http:\/\/comedor.unsa.edu.ar\/#\" target=\"_blank\" rel=\"noreferrer noopener\"><span class=\"kt-btn-inner-text\">COMEDOR UNSa<\/span><\/a><\/div>\n","protected":false},"excerpt":{"rendered":"<p>Aqu\u00ed podr\u00e1n acceder a la p\u00e1gina de la Direcci\u00f3n de Becas, donde encontr\u00e1 detalladas los tipos de becas, los requisitos, documentaci\u00f3n a presentar, etc. SIU-Tehuelche es el m\u00f3dulo de gesti\u00f3n&#8230;<\/p>\n","protected":false},"author":1,"featured_media":0,"parent":73,"menu_order":0,"comment_status":"closed","ping_status":"closed","template":"","meta":{"_kadence_starter_templates_imported_post":false,"_kad_post_transparent":"","_kad_post_title":"","_kad_post_layout":"","_kad_post_sidebar_id":"","_kad_post_content_style":"","_kad_post_vertical_padding":"","_kad_post_feature":"","_kad_post_feature_position":"","_kad_post_header":false,"_kad_post_footer":false,"footnotes":""},"_links":{"self":[{"href":"http:\/\/portalcdc.unsa.edu.ar\/index.php?rest_route=\/wp\/v2\/pages\/84"}],"collection":[{"href":"http:\/\/portalcdc.unsa.edu.ar\/index.php?rest_route=\/wp\/v2\/pages"}],"about":[{"href":"http:\/\/portalcdc.unsa.edu.ar\/index.php?rest_route=\/wp\/v2\/types\/page"}],"author":[{"embeddable":true,"href":"http:\/\/portalcdc.unsa.edu.ar\/index.php?rest_route=\/wp\/v2\/users\/1"}],"replies":[{"embeddable":true,"href":"http:\/\/portalcdc.unsa.edu.ar\/index.php?rest_route=%2Fwp%2Fv2%2Fcomments&post=84"}],"version-history":[{"count":11,"href":"http:\/\/portalcdc.unsa.edu.ar\/index.php?rest_route=\/wp\/v2\/pages\/84\/revisions"}],"predecessor-version":[{"id":1522,"href":"http:\/\/portalcdc.unsa.edu.ar\/index.php?rest_route=\/wp\/v2\/pages\/84\/revisions\/1522"}],"up":[{"embeddable":true,"href":"http:\/\/portalcdc.unsa.edu.ar\/index.php?rest_route=\/wp\/v2\/pages\/73"}],"wp:attachment":[{"href":"http:\/\/portalcdc.unsa.edu.ar\/index.php?rest_route=%2Fwp%2Fv2%2Fmedia&parent=84"}],"curies":[{"name":"wp","href":"https:\/\/api.w.org\/{rel}","templated":true}]}}