{"id":970,"date":"2023-12-15T10:15:39","date_gmt":"2023-12-15T13:15:39","guid":{"rendered":"http:\/\/portalcdc.unsa.edu.ar\/?page_id=970"},"modified":"2024-03-04T10:56:55","modified_gmt":"2024-03-04T13:56:55","slug":"siu-wichi","status":"publish","type":"page","link":"http:\/\/portalcdc.unsa.edu.ar\/?page_id=970","title":{"rendered":"SIU Wichi"},"content":{"rendered":"<style>.kb-image970_859cf2-12.kb-image-is-ratio-size, .kb-image970_859cf2-12 .kb-image-is-ratio-size{max-width:440px;width:100%;}.wp-block-kadence-column > .kt-inside-inner-col > .kb-image970_859cf2-12.kb-image-is-ratio-size, .wp-block-kadence-column > .kt-inside-inner-col > .kb-image970_859cf2-12 .kb-image-is-ratio-size{align-self:unset;}.kb-image970_859cf2-12 figure{max-width:440px;}.kb-image970_859cf2-12 .image-is-svg, .kb-image970_859cf2-12 .image-is-svg img{width:100%;}.kb-image970_859cf2-12 .kb-image-has-overlay:after{opacity:0.3;}<\/style>\n<div class=\"wp-block-kadence-image kb-image970_859cf2-12\"><figure class=\"aligncenter size-full\"><img decoding=\"async\" loading=\"lazy\" width=\"438\" height=\"115\" src=\"http:\/\/portalcdc.unsa.edu.ar\/wp-content\/uploads\/2023\/12\/siu-wichi.png\" alt=\"\" class=\"kb-img wp-image-1058\" srcset=\"http:\/\/portalcdc.unsa.edu.ar\/wp-content\/uploads\/2023\/12\/siu-wichi.png 438w, http:\/\/portalcdc.unsa.edu.ar\/wp-content\/uploads\/2023\/12\/siu-wichi-300x79.png 300w, http:\/\/portalcdc.unsa.edu.ar\/wp-content\/uploads\/2023\/12\/siu-wichi-150x39.png 150w\" sizes=\"(max-width: 438px) 100vw, 438px\" \/><\/figure><\/div>\n\n\n\n<p>SIU-Wichi es una herramienta que permite realizar una eficiente conversi\u00f3n de sus datos en informaci\u00f3n valiosa para la toma de decisiones. Es posible visualizar y analizar de manera integrada los datos hist\u00f3ricos de ejecuci\u00f3n presupuestaria, acad\u00e9micos de personal y patrimonio, buscando como objetivo colaborar con las decisiones que tomen los distintos actores de la organizaci\u00f3n, sustentadas sobre una base de conocimiento.<\/p>\n\n\n<style>.wp-block-kadence-advancedbtn.kb-btns970_ed522f-87{gap:var(--global-kb-gap-xs, 0.5rem );justify-content:center;align-items:center;}.kt-btns970_ed522f-87 .kt-button{font-weight:normal;font-style:normal;}.kt-btns970_ed522f-87 .kt-btn-wrap-0{margin-right:5px;}.wp-block-kadence-advancedbtn.kt-btns970_ed522f-87 .kt-btn-wrap-0 .kt-button{color:#555555;border-color:#555555;}.wp-block-kadence-advancedbtn.kt-btns970_ed522f-87 .kt-btn-wrap-0 .kt-button:hover, .wp-block-kadence-advancedbtn.kt-btns970_ed522f-87 .kt-btn-wrap-0 .kt-button:focus{color:#ffffff;border-color:#444444;}.wp-block-kadence-advancedbtn.kt-btns970_ed522f-87 .kt-btn-wrap-0 .kt-button::before{display:none;}.wp-block-kadence-advancedbtn.kt-btns970_ed522f-87 .kt-btn-wrap-0 .kt-button:hover, .wp-block-kadence-advancedbtn.kt-btns970_ed522f-87 .kt-btn-wrap-0 .kt-button:focus{background:#444444;}<\/style>\n<div class=\"wp-block-kadence-advancedbtn kb-buttons-wrap kb-btns970_ed522f-87\"><style>.wp-block-kadence-advancedbtn .kb-btn970_2e6f32-94.kb-button{background:#4070e9;font-size:var(--global-kb-font-size-md, 1.25rem);text-transform:none;}.wp-block-kadence-advancedbtn .kb-btn970_2e6f32-94.kb-button:hover, .wp-block-kadence-advancedbtn .kb-btn970_2e6f32-94.kb-button:focus{color:#ece8e8;background:#0c0968;}@media all and (max-width: 1024px){.kb-btn970_2e6f32-94.kb-button .kb-svg-icon-wrap{display:block;}}<\/style><a class=\"kb-button kt-button button kb-btn970_2e6f32-94 kt-btn-size-large kt-btn-width-type-fixed kb-btn-global-fill kt-btn-has-text-true kt-btn-has-svg-false wp-block-kadence-singlebtn\" href=\"http:\/\/wichi.unsa.edu.ar:8080\/pentaho\/Login\" target=\"_blank\" rel=\"noreferrer noopener\"><span class=\"kt-btn-inner-text\">SIU Wichi<\/span><\/a><\/div>\n","protected":false},"excerpt":{"rendered":"<p>SIU-Wichi es una herramienta que permite realizar una eficiente conversi\u00f3n de sus datos en informaci\u00f3n valiosa para la toma de decisiones. Es posible visualizar y analizar de manera integrada los&#8230;<\/p>\n","protected":false},"author":1,"featured_media":0,"parent":73,"menu_order":0,"comment_status":"closed","ping_status":"closed","template":"","meta":{"_kadence_starter_templates_imported_post":false,"_kad_post_transparent":"","_kad_post_title":"","_kad_post_layout":"","_kad_post_sidebar_id":"","_kad_post_content_style":"","_kad_post_vertical_padding":"","_kad_post_feature":"","_kad_post_feature_position":"","_kad_post_header":false,"_kad_post_footer":false,"footnotes":""},"_links":{"self":[{"href":"http:\/\/portalcdc.unsa.edu.ar\/index.php?rest_route=\/wp\/v2\/pages\/970"}],"collection":[{"href":"http:\/\/portalcdc.unsa.edu.ar\/index.php?rest_route=\/wp\/v2\/pages"}],"about":[{"href":"http:\/\/portalcdc.unsa.edu.ar\/index.php?rest_route=\/wp\/v2\/types\/page"}],"author":[{"embeddable":true,"href":"http:\/\/portalcdc.unsa.edu.ar\/index.php?rest_route=\/wp\/v2\/users\/1"}],"replies":[{"embeddable":true,"href":"http:\/\/portalcdc.unsa.edu.ar\/index.php?rest_route=%2Fwp%2Fv2%2Fcomments&post=970"}],"version-history":[{"count":4,"href":"http:\/\/portalcdc.unsa.edu.ar\/index.php?rest_route=\/wp\/v2\/pages\/970\/revisions"}],"predecessor-version":[{"id":1092,"href":"http:\/\/portalcdc.unsa.edu.ar\/index.php?rest_route=\/wp\/v2\/pages\/970\/revisions\/1092"}],"up":[{"embeddable":true,"href":"http:\/\/portalcdc.unsa.edu.ar\/index.php?rest_route=\/wp\/v2\/pages\/73"}],"wp:attachment":[{"href":"http:\/\/portalcdc.unsa.edu.ar\/index.php?rest_route=%2Fwp%2Fv2%2Fmedia&parent=970"}],"curies":[{"name":"wp","href":"https:\/\/api.w.org\/{rel}","templated":true}]}}