{"id":976,"date":"2023-12-15T10:35:11","date_gmt":"2023-12-15T13:35:11","guid":{"rendered":"http:\/\/portalcdc.unsa.edu.ar\/?page_id=976"},"modified":"2024-03-04T10:55:20","modified_gmt":"2024-03-04T13:55:20","slug":"siu-diaguita","status":"publish","type":"page","link":"http:\/\/portalcdc.unsa.edu.ar\/?page_id=976","title":{"rendered":"SIU Diaguita"},"content":{"rendered":"<style>.kb-image976_c79ee4-b8 .kb-image-has-overlay:after{opacity:0.3;}<\/style>\n<figure class=\"wp-block-kadence-image kb-image976_c79ee4-b8 size-full\"><img decoding=\"async\" loading=\"lazy\" width=\"1140\" height=\"300\" src=\"http:\/\/portalcdc.unsa.edu.ar\/wp-content\/uploads\/2023\/09\/diaguita.jpeg\" alt=\"\" class=\"kb-img wp-image-120\"\/><\/figure>\n\n\n\n<p>La administraci\u00f3n patrimonial y los procesos de compra, m\u00e1s all\u00e1 de sus particularidades, resultan complejos para cualquier tipo de instituci\u00f3n. Ante la necesidad de gestionar ambos procedimientos, se desarroll\u00f3 el sistema SIU-Diaguita, que cuenta con una estructura en dos m\u00f3dulos: Compras y Patrimonio, los cuales pueden utilizarse tanto en forma conjunta o por separado, seg\u00fan las necesidades de cada instituci\u00f3n.<\/p>\n\n\n<style>.wp-block-kadence-advancedbtn.kb-btns976_482f77-38{gap:var(--global-kb-gap-xs, 0.5rem );justify-content:center;align-items:center;}.kt-btns976_482f77-38 .kt-button{font-weight:normal;font-style:normal;}.kt-btns976_482f77-38 .kt-btn-wrap-0{margin-right:5px;}.wp-block-kadence-advancedbtn.kt-btns976_482f77-38 .kt-btn-wrap-0 .kt-button{color:#555555;border-color:#555555;}.wp-block-kadence-advancedbtn.kt-btns976_482f77-38 .kt-btn-wrap-0 .kt-button:hover, .wp-block-kadence-advancedbtn.kt-btns976_482f77-38 .kt-btn-wrap-0 .kt-button:focus{color:#ffffff;border-color:#444444;}.wp-block-kadence-advancedbtn.kt-btns976_482f77-38 .kt-btn-wrap-0 .kt-button::before{display:none;}.wp-block-kadence-advancedbtn.kt-btns976_482f77-38 .kt-btn-wrap-0 .kt-button:hover, .wp-block-kadence-advancedbtn.kt-btns976_482f77-38 .kt-btn-wrap-0 .kt-button:focus{background:#444444;}<\/style>\n<div class=\"wp-block-kadence-advancedbtn kb-buttons-wrap kb-btns976_482f77-38\"><style>.wp-block-kadence-advancedbtn .kb-btn976_56b0ca-84.kb-button{background:#4070e9;font-size:var(--global-kb-font-size-md, 1.25rem);text-transform:none;}.wp-block-kadence-advancedbtn .kb-btn976_56b0ca-84.kb-button:hover, .wp-block-kadence-advancedbtn .kb-btn976_56b0ca-84.kb-button:focus{color:#ece8e8;background:#0c0968;}@media all and (max-width: 1024px){.kb-btn976_56b0ca-84.kb-button .kb-svg-icon-wrap{display:block;}}<\/style><a class=\"kb-button kt-button button kb-btn976_56b0ca-84 kt-btn-size-large kt-btn-width-type-fixed kb-btn-global-fill kt-btn-has-text-true kt-btn-has-svg-false wp-block-kadence-singlebtn\" href=\"http:\/\/diaguita.unsa.edu.ar\/diaguita\/\" target=\"_blank\" rel=\"noreferrer noopener\"><span class=\"kt-btn-inner-text\">SIU Diaguita<\/span><\/a><\/div>\n","protected":false},"excerpt":{"rendered":"<p>La administraci\u00f3n patrimonial y los procesos de compra, m\u00e1s all\u00e1 de sus particularidades, resultan complejos para cualquier tipo de instituci\u00f3n. Ante la necesidad de gestionar ambos procedimientos, se desarroll\u00f3 el&#8230;<\/p>\n","protected":false},"author":1,"featured_media":0,"parent":1253,"menu_order":0,"comment_status":"closed","ping_status":"closed","template":"","meta":{"_kadence_starter_templates_imported_post":false,"_kad_post_transparent":"","_kad_post_title":"","_kad_post_layout":"","_kad_post_sidebar_id":"","_kad_post_content_style":"","_kad_post_vertical_padding":"","_kad_post_feature":"","_kad_post_feature_position":"","_kad_post_header":false,"_kad_post_footer":false,"footnotes":""},"_links":{"self":[{"href":"http:\/\/portalcdc.unsa.edu.ar\/index.php?rest_route=\/wp\/v2\/pages\/976"}],"collection":[{"href":"http:\/\/portalcdc.unsa.edu.ar\/index.php?rest_route=\/wp\/v2\/pages"}],"about":[{"href":"http:\/\/portalcdc.unsa.edu.ar\/index.php?rest_route=\/wp\/v2\/types\/page"}],"author":[{"embeddable":true,"href":"http:\/\/portalcdc.unsa.edu.ar\/index.php?rest_route=\/wp\/v2\/users\/1"}],"replies":[{"embeddable":true,"href":"http:\/\/portalcdc.unsa.edu.ar\/index.php?rest_route=%2Fwp%2Fv2%2Fcomments&post=976"}],"version-history":[{"count":4,"href":"http:\/\/portalcdc.unsa.edu.ar\/index.php?rest_route=\/wp\/v2\/pages\/976\/revisions"}],"predecessor-version":[{"id":1087,"href":"http:\/\/portalcdc.unsa.edu.ar\/index.php?rest_route=\/wp\/v2\/pages\/976\/revisions\/1087"}],"up":[{"embeddable":true,"href":"http:\/\/portalcdc.unsa.edu.ar\/index.php?rest_route=\/wp\/v2\/pages\/1253"}],"wp:attachment":[{"href":"http:\/\/portalcdc.unsa.edu.ar\/index.php?rest_route=%2Fwp%2Fv2%2Fmedia&parent=976"}],"curies":[{"name":"wp","href":"https:\/\/api.w.org\/{rel}","templated":true}]}}