{"id":977,"date":"2023-12-15T10:38:12","date_gmt":"2023-12-15T13:38:12","guid":{"rendered":"http:\/\/portalcdc.unsa.edu.ar\/?page_id=977"},"modified":"2026-04-01T04:19:33","modified_gmt":"2026-04-01T07:19:33","slug":"comdoc","status":"publish","type":"page","link":"http:\/\/portalcdc.unsa.edu.ar\/?page_id=977","title":{"rendered":"ComDoc"},"content":{"rendered":"<style>.kb-image977_d2135e-29 .kb-image-has-overlay:after{opacity:0.3;}<\/style>\n<div class=\"wp-block-kadence-image kb-image977_d2135e-29\"><figure class=\"aligncenter size-large\"><img decoding=\"async\" loading=\"lazy\" width=\"1024\" height=\"335\" src=\"http:\/\/portalcdc.unsa.edu.ar\/wp-content\/uploads\/2023\/12\/comdoc-logo-1024x335.png\" alt=\"\" class=\"kb-img wp-image-1042\" srcset=\"http:\/\/portalcdc.unsa.edu.ar\/wp-content\/uploads\/2023\/12\/comdoc-logo-1024x335.png 1024w, http:\/\/portalcdc.unsa.edu.ar\/wp-content\/uploads\/2023\/12\/comdoc-logo-300x98.png 300w, http:\/\/portalcdc.unsa.edu.ar\/wp-content\/uploads\/2023\/12\/comdoc-logo-150x49.png 150w, http:\/\/portalcdc.unsa.edu.ar\/wp-content\/uploads\/2023\/12\/comdoc-logo-768x251.png 768w, http:\/\/portalcdc.unsa.edu.ar\/wp-content\/uploads\/2023\/12\/comdoc-logo.png 1260w\" sizes=\"(max-width: 1024px) 100vw, 1024px\" \/><\/figure><\/div>\n\n\n\n<p>Comdoc es un sistema creado por el Ministerio de Econom\u00eda y Producci\u00f3n que se adapta a las normativas de procedimientos administrativos del sector. Su funci\u00f3n principal es facilitar y agilizar la labor administrativa, permitiendo el registro y permanente seguimiento de la documentaci\u00f3n. Esta documentaci\u00f3n se clasifica en documentaci\u00f3n papel y documentaci\u00f3n electr\u00f3nica. La documentaci\u00f3n papel se debe registrar y para ser transferida existe un sistema de remitos para su control.<\/p>\n\n\n<style>.wp-block-kadence-advancedbtn.kb-btns977_82694f-22{gap:var(--global-kb-gap-xs, 0.5rem );justify-content:center;align-items:center;}.kt-btns977_82694f-22 .kt-button{font-weight:normal;font-style:normal;}.kt-btns977_82694f-22 .kt-btn-wrap-0{margin-right:5px;}.wp-block-kadence-advancedbtn.kt-btns977_82694f-22 .kt-btn-wrap-0 .kt-button{color:#555555;border-color:#555555;}.wp-block-kadence-advancedbtn.kt-btns977_82694f-22 .kt-btn-wrap-0 .kt-button:hover, .wp-block-kadence-advancedbtn.kt-btns977_82694f-22 .kt-btn-wrap-0 .kt-button:focus{color:#ffffff;border-color:#444444;}.wp-block-kadence-advancedbtn.kt-btns977_82694f-22 .kt-btn-wrap-0 .kt-button::before{display:none;}.wp-block-kadence-advancedbtn.kt-btns977_82694f-22 .kt-btn-wrap-0 .kt-button:hover, .wp-block-kadence-advancedbtn.kt-btns977_82694f-22 .kt-btn-wrap-0 .kt-button:focus{background:#444444;}<\/style>\n<div class=\"wp-block-kadence-advancedbtn kb-buttons-wrap kb-btns977_82694f-22\"><style>.wp-block-kadence-advancedbtn .kb-btn977_3f01a8-c2.kb-button{background:#4070e9;font-size:var(--global-kb-font-size-md, 1.25rem);text-transform:none;}.wp-block-kadence-advancedbtn .kb-btn977_3f01a8-c2.kb-button:hover, .wp-block-kadence-advancedbtn .kb-btn977_3f01a8-c2.kb-button:focus{color:#ece8e8;background:#0c0968;}@media all and (max-width: 1024px){.kb-btn977_3f01a8-c2.kb-button .kb-svg-icon-wrap{display:block;}}<\/style><a class=\"kb-button kt-button button kb-btn977_3f01a8-c2 kt-btn-size-large kt-btn-width-type-fixed kb-btn-global-fill kt-btn-has-text-true kt-btn-has-svg-false wp-block-kadence-singlebtn\" href=\"http:\/\/cdc2.unsa.edu.ar\/comdocII\/webtier\/Signin\" target=\"_blank\" rel=\"noreferrer noopener\"><span class=\"kt-btn-inner-text\">Acceso ComDoc<\/span><\/a><\/div>\n","protected":false},"excerpt":{"rendered":"<p>Comdoc es un sistema creado por el Ministerio de Econom\u00eda y Producci\u00f3n que se adapta a las normativas de procedimientos administrativos del sector. Su funci\u00f3n principal es facilitar y agilizar&#8230;<\/p>\n","protected":false},"author":1,"featured_media":0,"parent":1238,"menu_order":0,"comment_status":"closed","ping_status":"closed","template":"","meta":{"_kadence_starter_templates_imported_post":false,"_kad_post_transparent":"","_kad_post_title":"","_kad_post_layout":"","_kad_post_sidebar_id":"","_kad_post_content_style":"","_kad_post_vertical_padding":"","_kad_post_feature":"","_kad_post_feature_position":"","_kad_post_header":false,"_kad_post_footer":false,"footnotes":""},"_links":{"self":[{"href":"http:\/\/portalcdc.unsa.edu.ar\/index.php?rest_route=\/wp\/v2\/pages\/977"}],"collection":[{"href":"http:\/\/portalcdc.unsa.edu.ar\/index.php?rest_route=\/wp\/v2\/pages"}],"about":[{"href":"http:\/\/portalcdc.unsa.edu.ar\/index.php?rest_route=\/wp\/v2\/types\/page"}],"author":[{"embeddable":true,"href":"http:\/\/portalcdc.unsa.edu.ar\/index.php?rest_route=\/wp\/v2\/users\/1"}],"replies":[{"embeddable":true,"href":"http:\/\/portalcdc.unsa.edu.ar\/index.php?rest_route=%2Fwp%2Fv2%2Fcomments&post=977"}],"version-history":[{"count":7,"href":"http:\/\/portalcdc.unsa.edu.ar\/index.php?rest_route=\/wp\/v2\/pages\/977\/revisions"}],"predecessor-version":[{"id":1520,"href":"http:\/\/portalcdc.unsa.edu.ar\/index.php?rest_route=\/wp\/v2\/pages\/977\/revisions\/1520"}],"up":[{"embeddable":true,"href":"http:\/\/portalcdc.unsa.edu.ar\/index.php?rest_route=\/wp\/v2\/pages\/1238"}],"wp:attachment":[{"href":"http:\/\/portalcdc.unsa.edu.ar\/index.php?rest_route=%2Fwp%2Fv2%2Fmedia&parent=977"}],"curies":[{"name":"wp","href":"https:\/\/api.w.org\/{rel}","templated":true}]}}